{"id":18194,"date":"2024-04-11T10:28:28","date_gmt":"2024-04-11T14:28:28","guid":{"rendered":"https:\/\/huelightusa.com\/hogar\/"},"modified":"2024-12-23T07:48:49","modified_gmt":"2024-12-23T12:48:49","slug":"hogar","status":"publish","type":"page","link":"https:\/\/huelightusa.com\/es\/","title":{"rendered":"Hogar"},"content":{"rendered":"","protected":false},"excerpt":{"rendered":"","protected":false},"author":1,"featured_media":0,"parent":0,"menu_order":0,"comment_status":"closed","ping_status":"closed","template":"template-parts\/template-home.php","meta":{"_acf_changed":false,"footnotes":""},"class_list":["post-18194","page","type-page","status-publish","hentry"],"acf":[],"yoast_head":"<!-- This site is optimized with the Yoast SEO Premium plugin v22.8 (Yoast SEO v26.3) - https:\/\/yoast.com\/wordpress\/plugins\/seo\/ -->\n<title>Hue Light USA | Sistema de atenci\u00f3n a la longevidad<\/title>\n<meta name=\"description\" content=\"Hue Light USA ofrece inhalaci\u00f3n de hidr\u00f3geno molecular, terapia de luz roja PBM, terapia de vibraci\u00f3n y dispositivos de terapia de ox\u00edgeno hiperb\u00e1rico de \u00faltima generaci\u00f3n.\" \/>\n<meta name=\"robots\" content=\"index, follow, max-snippet:-1, max-image-preview:large, max-video-preview:-1\" \/>\n<link rel=\"canonical\" href=\"https:\/\/huelightusa.com\/es\/\" \/>\n<meta property=\"og:locale\" content=\"es_ES\" \/>\n<meta property=\"og:type\" content=\"article\" \/>\n<meta property=\"og:title\" content=\"Hogar\" \/>\n<meta property=\"og:description\" content=\"Hue Light USA ofrece inhalaci\u00f3n de hidr\u00f3geno molecular, terapia de luz roja PBM, terapia de vibraci\u00f3n y dispositivos de terapia de ox\u00edgeno hiperb\u00e1rico de \u00faltima generaci\u00f3n.\" \/>\n<meta property=\"og:url\" content=\"https:\/\/huelightusa.com\/es\/\" \/>\n<meta property=\"og:site_name\" content=\"Hue Light USA\" \/>\n<meta property=\"article:modified_time\" content=\"2024-12-23T12:48:49+00:00\" \/>\n<meta name=\"twitter:card\" content=\"summary_large_image\" \/>\n<script type=\"application\/ld+json\" class=\"yoast-schema-graph\">{\"@context\":\"https:\/\/schema.org\",\"@graph\":[{\"@type\":\"WebPage\",\"@id\":\"https:\/\/huelightusa.com\/es\/\",\"url\":\"https:\/\/huelightusa.com\/es\/\",\"name\":\"Hue Light USA | Sistema de atenci\u00f3n a la longevidad\",\"isPartOf\":{\"@id\":\"https:\/\/huelightusa.com\/es\/#website\"},\"datePublished\":\"2024-04-11T14:28:28+00:00\",\"dateModified\":\"2024-12-23T12:48:49+00:00\",\"description\":\"Hue Light USA ofrece inhalaci\u00f3n de hidr\u00f3geno molecular, terapia de luz roja PBM, terapia de vibraci\u00f3n y dispositivos de terapia de ox\u00edgeno hiperb\u00e1rico de \u00faltima generaci\u00f3n.\",\"breadcrumb\":{\"@id\":\"https:\/\/huelightusa.com\/es\/#breadcrumb\"},\"inLanguage\":\"es\",\"potentialAction\":[{\"@type\":\"ReadAction\",\"target\":[\"https:\/\/huelightusa.com\/es\/\"]}]},{\"@type\":\"BreadcrumbList\",\"@id\":\"https:\/\/huelightusa.com\/es\/#breadcrumb\",\"itemListElement\":[{\"@type\":\"ListItem\",\"position\":1,\"name\":\"Home\",\"item\":\"https:\/\/huelightusa.com\/es\/\"},{\"@type\":\"ListItem\",\"position\":2,\"name\":\"Hogar\"}]},{\"@type\":\"WebSite\",\"@id\":\"https:\/\/huelightusa.com\/es\/#website\",\"url\":\"https:\/\/huelightusa.com\/es\/\",\"name\":\"Hue Light USA\",\"description\":\"\",\"publisher\":{\"@id\":\"https:\/\/huelightusa.com\/es\/#organization\"},\"potentialAction\":[{\"@type\":\"SearchAction\",\"target\":{\"@type\":\"EntryPoint\",\"urlTemplate\":\"https:\/\/huelightusa.com\/es\/?s={search_term_string}\"},\"query-input\":{\"@type\":\"PropertyValueSpecification\",\"valueRequired\":true,\"valueName\":\"search_term_string\"}}],\"inLanguage\":\"es\"},{\"@type\":\"Organization\",\"@id\":\"https:\/\/huelightusa.com\/es\/#organization\",\"name\":\"Hue Light USA\",\"url\":\"https:\/\/huelightusa.com\/es\/\",\"logo\":{\"@type\":\"ImageObject\",\"inLanguage\":\"es\",\"@id\":\"https:\/\/huelightusa.com\/es\/#\/schema\/logo\/image\/\",\"url\":\"https:\/\/huelightusa.com\/wp-content\/uploads\/2024\/04\/HueLightUSA_Logo.png\",\"contentUrl\":\"https:\/\/huelightusa.com\/wp-content\/uploads\/2024\/04\/HueLightUSA_Logo.png\",\"width\":862,\"height\":169,\"caption\":\"Hue Light USA\"},\"image\":{\"@id\":\"https:\/\/huelightusa.com\/es\/#\/schema\/logo\/image\/\"}}]}<\/script>\n<!-- \/ Yoast SEO Premium plugin. -->","yoast_head_json":{"title":"Hue Light USA | Sistema de atenci\u00f3n a la longevidad","description":"Hue Light USA ofrece inhalaci\u00f3n de hidr\u00f3geno molecular, terapia de luz roja PBM, terapia de vibraci\u00f3n y dispositivos de terapia de ox\u00edgeno hiperb\u00e1rico de \u00faltima generaci\u00f3n.","robots":{"index":"index","follow":"follow","max-snippet":"max-snippet:-1","max-image-preview":"max-image-preview:large","max-video-preview":"max-video-preview:-1"},"canonical":"https:\/\/huelightusa.com\/es\/","og_locale":"es_ES","og_type":"article","og_title":"Hogar","og_description":"Hue Light USA ofrece inhalaci\u00f3n de hidr\u00f3geno molecular, terapia de luz roja PBM, terapia de vibraci\u00f3n y dispositivos de terapia de ox\u00edgeno hiperb\u00e1rico de \u00faltima generaci\u00f3n.","og_url":"https:\/\/huelightusa.com\/es\/","og_site_name":"Hue Light USA","article_modified_time":"2024-12-23T12:48:49+00:00","twitter_card":"summary_large_image","schema":{"@context":"https:\/\/schema.org","@graph":[{"@type":"WebPage","@id":"https:\/\/huelightusa.com\/es\/","url":"https:\/\/huelightusa.com\/es\/","name":"Hue Light USA | Sistema de atenci\u00f3n a la longevidad","isPartOf":{"@id":"https:\/\/huelightusa.com\/es\/#website"},"datePublished":"2024-04-11T14:28:28+00:00","dateModified":"2024-12-23T12:48:49+00:00","description":"Hue Light USA ofrece inhalaci\u00f3n de hidr\u00f3geno molecular, terapia de luz roja PBM, terapia de vibraci\u00f3n y dispositivos de terapia de ox\u00edgeno hiperb\u00e1rico de \u00faltima generaci\u00f3n.","breadcrumb":{"@id":"https:\/\/huelightusa.com\/es\/#breadcrumb"},"inLanguage":"es","potentialAction":[{"@type":"ReadAction","target":["https:\/\/huelightusa.com\/es\/"]}]},{"@type":"BreadcrumbList","@id":"https:\/\/huelightusa.com\/es\/#breadcrumb","itemListElement":[{"@type":"ListItem","position":1,"name":"Home","item":"https:\/\/huelightusa.com\/es\/"},{"@type":"ListItem","position":2,"name":"Hogar"}]},{"@type":"WebSite","@id":"https:\/\/huelightusa.com\/es\/#website","url":"https:\/\/huelightusa.com\/es\/","name":"Hue Light USA","description":"","publisher":{"@id":"https:\/\/huelightusa.com\/es\/#organization"},"potentialAction":[{"@type":"SearchAction","target":{"@type":"EntryPoint","urlTemplate":"https:\/\/huelightusa.com\/es\/?s={search_term_string}"},"query-input":{"@type":"PropertyValueSpecification","valueRequired":true,"valueName":"search_term_string"}}],"inLanguage":"es"},{"@type":"Organization","@id":"https:\/\/huelightusa.com\/es\/#organization","name":"Hue Light USA","url":"https:\/\/huelightusa.com\/es\/","logo":{"@type":"ImageObject","inLanguage":"es","@id":"https:\/\/huelightusa.com\/es\/#\/schema\/logo\/image\/","url":"https:\/\/huelightusa.com\/wp-content\/uploads\/2024\/04\/HueLightUSA_Logo.png","contentUrl":"https:\/\/huelightusa.com\/wp-content\/uploads\/2024\/04\/HueLightUSA_Logo.png","width":862,"height":169,"caption":"Hue Light USA"},"image":{"@id":"https:\/\/huelightusa.com\/es\/#\/schema\/logo\/image\/"}}]}},"_links":{"self":[{"href":"https:\/\/huelightusa.com\/es\/wp-json\/wp\/v2\/pages\/18194","targetHints":{"allow":["GET"]}}],"collection":[{"href":"https:\/\/huelightusa.com\/es\/wp-json\/wp\/v2\/pages"}],"about":[{"href":"https:\/\/huelightusa.com\/es\/wp-json\/wp\/v2\/types\/page"}],"author":[{"embeddable":true,"href":"https:\/\/huelightusa.com\/es\/wp-json\/wp\/v2\/users\/1"}],"replies":[{"embeddable":true,"href":"https:\/\/huelightusa.com\/es\/wp-json\/wp\/v2\/comments?post=18194"}],"version-history":[{"count":10,"href":"https:\/\/huelightusa.com\/es\/wp-json\/wp\/v2\/pages\/18194\/revisions"}],"predecessor-version":[{"id":21572,"href":"https:\/\/huelightusa.com\/es\/wp-json\/wp\/v2\/pages\/18194\/revisions\/21572"}],"wp:attachment":[{"href":"https:\/\/huelightusa.com\/es\/wp-json\/wp\/v2\/media?parent=18194"}],"curies":[{"name":"wp","href":"https:\/\/api.w.org\/{rel}","templated":true}]}}