{"id":18464,"date":"2024-04-18T12:03:51","date_gmt":"2024-04-18T16:03:51","guid":{"rendered":"https:\/\/huelightusa.com\/product\/agua-esteralizada\/"},"modified":"2025-05-22T04:23:48","modified_gmt":"2025-05-22T08:23:48","slug":"agua-esteralizada","status":"publish","type":"product","link":"https:\/\/huelightusa.com\/es\/producto\/agua-esteralizada\/","title":{"rendered":"Agua esteralizada"},"content":{"rendered":"<h2 class=\"pro-title\">Agua destilada est\u00e9ril para inhalaci\u00f3n<\/h2>\n<h2>Agua pura y est\u00e9ril para el cuidado respiratorio<\/h2>\n<p>Nuestra agua destilada est\u00e9ril est\u00e1 espec\u00edficamente formulada para mejorar la seguridad y el rendimiento de su inhalador de hidr\u00f3geno molecular Hue Light USA. Disponible en botellas individuales de 1000 ml o por caja (12 botellas), utilice esta agua destilada est\u00e9ril para rellenar el dep\u00f3sito de agua de su inhalador de hidr\u00f3geno u otro dispositivo de terapia de inhalaci\u00f3n. <\/p>\n<p>Rigurosamente purificada para cumplir con los est\u00e1ndares de seguridad para inhalaci\u00f3n, nuestra agua destilada est\u00e9ril est\u00e1 libre de contaminantes y cumple con los estrictos est\u00e1ndares de esterilidad de la USP. <\/p>\n<ul class=\"pro-list\">\n<li><b>Eficiencia mejorada del inhalador:<\/b> mejora el rendimiento y la eficiencia de las m\u00e1quinas de inhalaci\u00f3n de hidr\u00f3geno H-2000 y H-1200.<\/li>\n<li><b>Seguro para inhalaci\u00f3n:<\/b> formulado para m\u00e1quinas inhaladoras, como nebulizadores y dispositivos de cuidado respiratorio.<\/li>\n<li><b>Pureza asegurada:<\/b> cumple con los rigurosos est\u00e1ndares de esterilidad de la USP, lo que garantiza una calidad y seguridad excepcionales en dispositivos cl\u00ednicos y dom\u00e9sticos.<\/li>\n<\/ul>\n","protected":false},"excerpt":{"rendered":"<p><span class=\"product-title\">Agua esteralizada<\/span><\/p>\n<p>Hay agua esterilizada Hue Light USA disponible para reponer los dispositivos de inhalaci\u00f3n de hidr\u00f3geno molecular. Disponible en botellas de 1000 mL o por caja (12 botellas). El agua esterilizada est\u00e1 libre de contaminantes y garantiza el funcionamiento seguro de su dispositivo de inhalaci\u00f3n de hidr\u00f3geno. Nuestra agua est\u00e9ril lo es:<\/p>\n<ul class=\"mb-3\" style=\"list-style-type: disc;\">\n<li>Ideal para sistemas cerrados de inhalaci\u00f3n de hidr\u00f3geno molecular.<\/li>\n<li>Reduce el riesgo de contaminaci\u00f3n bacteriana.<\/li>\n<li>Disponible para H-2000 o H-1200 (tanques de 2000 ml)<\/li>\n<li>Cumple con los est\u00e1ndares de esterilidad de la USP<\/li>\n<\/ul>\n","protected":false},"featured_media":1245,"comment_status":"closed","ping_status":"closed","template":"","meta":{"_acf_changed":false},"product_brand":[],"product_cat":[200],"product_tag":[],"class_list":{"0":"post-18464","1":"product","2":"type-product","3":"status-publish","4":"has-post-thumbnail","6":"product_cat-productos","7":"product_shipping_class-agua-esteralizada","9":"first","10":"instock","11":"sale","12":"sold-individually","13":"shipping-taxable","14":"purchasable","15":"product-type-variable","16":"has-default-attributes"},"acf":[],"yoast_head":"<!-- This site is optimized with the Yoast SEO Premium plugin v22.8 (Yoast SEO v26.3) - https:\/\/yoast.com\/wordpress\/plugins\/seo\/ -->\n<title>Agua est\u00e9ril - Hue Light EE. UU.<\/title>\n<meta name=\"description\" content=\"Compre agua est\u00e9ril de hue light usa para reponer sus dispositivos de inhalaci\u00f3n de hidr\u00f3geno molecular. Garantice un funcionamiento seguro y reduzca el riesgo de contaminaci\u00f3n. \u00a1Compre agua esterilizada ahora!\" \/>\n<meta name=\"robots\" content=\"index, follow, max-snippet:-1, max-image-preview:large, max-video-preview:-1\" \/>\n<link rel=\"canonical\" href=\"https:\/\/huelightusa.com\/es\/producto\/agua-esteralizada\/\" \/>\n<meta property=\"og:locale\" content=\"es_ES\" \/>\n<meta property=\"og:type\" content=\"article\" \/>\n<meta property=\"og:title\" content=\"Agua esteralizada\" \/>\n<meta property=\"og:description\" content=\"Compre agua est\u00e9ril de hue light usa para reponer sus dispositivos de inhalaci\u00f3n de hidr\u00f3geno molecular. Garantice un funcionamiento seguro y reduzca el riesgo de contaminaci\u00f3n. \u00a1Compre agua esterilizada ahora!\" \/>\n<meta property=\"og:url\" content=\"https:\/\/huelightusa.com\/es\/producto\/agua-esteralizada\/\" \/>\n<meta property=\"og:site_name\" content=\"Hue Light USA\" \/>\n<meta property=\"article:modified_time\" content=\"2025-05-22T08:23:48+00:00\" \/>\n<meta property=\"og:image\" content=\"https:\/\/huelightusa.com\/wp-content\/uploads\/2025\/03\/Bottal_600x550.png\" \/>\n\t<meta property=\"og:image:width\" content=\"600\" \/>\n\t<meta property=\"og:image:height\" content=\"550\" \/>\n\t<meta property=\"og:image:type\" content=\"image\/png\" \/>\n<meta name=\"twitter:card\" content=\"summary_large_image\" \/>\n<meta name=\"twitter:label1\" content=\"Est. reading time\" \/>\n\t<meta name=\"twitter:data1\" content=\"1 minuto\" \/>\n<script type=\"application\/ld+json\" class=\"yoast-schema-graph\">{\"@context\":\"https:\/\/schema.org\",\"@graph\":[{\"@type\":\"WebPage\",\"@id\":\"https:\/\/huelightusa.com\/es\/producto\/agua-esteralizada\/\",\"url\":\"https:\/\/huelightusa.com\/es\/producto\/agua-esteralizada\/\",\"name\":\"Agua est\u00e9ril - Hue Light EE. UU.\",\"isPartOf\":{\"@id\":\"https:\/\/huelightusa.com\/es\/#website\"},\"primaryImageOfPage\":{\"@id\":\"https:\/\/huelightusa.com\/es\/producto\/agua-esteralizada\/#primaryimage\"},\"image\":{\"@id\":\"https:\/\/huelightusa.com\/es\/producto\/agua-esteralizada\/#primaryimage\"},\"thumbnailUrl\":\"https:\/\/huelightusa.com\/wp-content\/uploads\/2024\/04\/Amsino_1000ml_SterileWater-770x910-1.png\",\"datePublished\":\"2024-04-18T16:03:51+00:00\",\"dateModified\":\"2025-05-22T08:23:48+00:00\",\"description\":\"Compre agua est\u00e9ril de hue light usa para reponer sus dispositivos de inhalaci\u00f3n de hidr\u00f3geno molecular. Garantice un funcionamiento seguro y reduzca el riesgo de contaminaci\u00f3n. \u00a1Compre agua esterilizada ahora!\",\"breadcrumb\":{\"@id\":\"https:\/\/huelightusa.com\/es\/producto\/agua-esteralizada\/#breadcrumb\"},\"inLanguage\":\"es\",\"potentialAction\":[{\"@type\":\"ReadAction\",\"target\":[\"https:\/\/huelightusa.com\/es\/producto\/agua-esteralizada\/\"]}]},{\"@type\":\"ImageObject\",\"inLanguage\":\"es\",\"@id\":\"https:\/\/huelightusa.com\/es\/producto\/agua-esteralizada\/#primaryimage\",\"url\":\"https:\/\/huelightusa.com\/wp-content\/uploads\/2024\/04\/Amsino_1000ml_SterileWater-770x910-1.png\",\"contentUrl\":\"https:\/\/huelightusa.com\/wp-content\/uploads\/2024\/04\/Amsino_1000ml_SterileWater-770x910-1.png\",\"width\":770,\"height\":910,\"caption\":\"Agua esteralizada\"},{\"@type\":\"BreadcrumbList\",\"@id\":\"https:\/\/huelightusa.com\/es\/producto\/agua-esteralizada\/#breadcrumb\",\"itemListElement\":[{\"@type\":\"ListItem\",\"position\":1,\"name\":\"Home\",\"item\":\"https:\/\/huelightusa.com\/es\/\"},{\"@type\":\"ListItem\",\"position\":2,\"name\":\"Productos\",\"item\":\"https:\/\/huelightusa.com\/products\/\"},{\"@type\":\"ListItem\",\"position\":3,\"name\":\"Agua esteralizada\"}]},{\"@type\":\"WebSite\",\"@id\":\"https:\/\/huelightusa.com\/es\/#website\",\"url\":\"https:\/\/huelightusa.com\/es\/\",\"name\":\"Hue Light USA\",\"description\":\"\",\"publisher\":{\"@id\":\"https:\/\/huelightusa.com\/es\/#organization\"},\"potentialAction\":[{\"@type\":\"SearchAction\",\"target\":{\"@type\":\"EntryPoint\",\"urlTemplate\":\"https:\/\/huelightusa.com\/es\/?s={search_term_string}\"},\"query-input\":{\"@type\":\"PropertyValueSpecification\",\"valueRequired\":true,\"valueName\":\"search_term_string\"}}],\"inLanguage\":\"es\"},{\"@type\":\"Organization\",\"@id\":\"https:\/\/huelightusa.com\/es\/#organization\",\"name\":\"Hue Light USA\",\"url\":\"https:\/\/huelightusa.com\/es\/\",\"logo\":{\"@type\":\"ImageObject\",\"inLanguage\":\"es\",\"@id\":\"https:\/\/huelightusa.com\/es\/#\/schema\/logo\/image\/\",\"url\":\"https:\/\/huelightusa.com\/wp-content\/uploads\/2024\/04\/HueLightUSA_Logo.png\",\"contentUrl\":\"https:\/\/huelightusa.com\/wp-content\/uploads\/2024\/04\/HueLightUSA_Logo.png\",\"width\":862,\"height\":169,\"caption\":\"Hue Light USA\"},\"image\":{\"@id\":\"https:\/\/huelightusa.com\/es\/#\/schema\/logo\/image\/\"}}]}<\/script>\n<!-- \/ Yoast SEO Premium plugin. -->","yoast_head_json":{"title":"Agua est\u00e9ril - Hue Light EE. UU.","description":"Compre agua est\u00e9ril de hue light usa para reponer sus dispositivos de inhalaci\u00f3n de hidr\u00f3geno molecular. Garantice un funcionamiento seguro y reduzca el riesgo de contaminaci\u00f3n. \u00a1Compre agua esterilizada ahora!","robots":{"index":"index","follow":"follow","max-snippet":"max-snippet:-1","max-image-preview":"max-image-preview:large","max-video-preview":"max-video-preview:-1"},"canonical":"https:\/\/huelightusa.com\/es\/producto\/agua-esteralizada\/","og_locale":"es_ES","og_type":"article","og_title":"Agua esteralizada","og_description":"Compre agua est\u00e9ril de hue light usa para reponer sus dispositivos de inhalaci\u00f3n de hidr\u00f3geno molecular. Garantice un funcionamiento seguro y reduzca el riesgo de contaminaci\u00f3n. \u00a1Compre agua esterilizada ahora!","og_url":"https:\/\/huelightusa.com\/es\/producto\/agua-esteralizada\/","og_site_name":"Hue Light USA","article_modified_time":"2025-05-22T08:23:48+00:00","og_image":[{"width":600,"height":550,"url":"https:\/\/huelightusa.com\/wp-content\/uploads\/2025\/03\/Bottal_600x550.png","type":"image\/png"}],"twitter_card":"summary_large_image","twitter_misc":{"Est. reading time":"1 minuto"},"schema":{"@context":"https:\/\/schema.org","@graph":[{"@type":"WebPage","@id":"https:\/\/huelightusa.com\/es\/producto\/agua-esteralizada\/","url":"https:\/\/huelightusa.com\/es\/producto\/agua-esteralizada\/","name":"Agua est\u00e9ril - Hue Light EE. UU.","isPartOf":{"@id":"https:\/\/huelightusa.com\/es\/#website"},"primaryImageOfPage":{"@id":"https:\/\/huelightusa.com\/es\/producto\/agua-esteralizada\/#primaryimage"},"image":{"@id":"https:\/\/huelightusa.com\/es\/producto\/agua-esteralizada\/#primaryimage"},"thumbnailUrl":"https:\/\/huelightusa.com\/wp-content\/uploads\/2024\/04\/Amsino_1000ml_SterileWater-770x910-1.png","datePublished":"2024-04-18T16:03:51+00:00","dateModified":"2025-05-22T08:23:48+00:00","description":"Compre agua est\u00e9ril de hue light usa para reponer sus dispositivos de inhalaci\u00f3n de hidr\u00f3geno molecular. Garantice un funcionamiento seguro y reduzca el riesgo de contaminaci\u00f3n. \u00a1Compre agua esterilizada ahora!","breadcrumb":{"@id":"https:\/\/huelightusa.com\/es\/producto\/agua-esteralizada\/#breadcrumb"},"inLanguage":"es","potentialAction":[{"@type":"ReadAction","target":["https:\/\/huelightusa.com\/es\/producto\/agua-esteralizada\/"]}]},{"@type":"ImageObject","inLanguage":"es","@id":"https:\/\/huelightusa.com\/es\/producto\/agua-esteralizada\/#primaryimage","url":"https:\/\/huelightusa.com\/wp-content\/uploads\/2024\/04\/Amsino_1000ml_SterileWater-770x910-1.png","contentUrl":"https:\/\/huelightusa.com\/wp-content\/uploads\/2024\/04\/Amsino_1000ml_SterileWater-770x910-1.png","width":770,"height":910,"caption":"Agua esteralizada"},{"@type":"BreadcrumbList","@id":"https:\/\/huelightusa.com\/es\/producto\/agua-esteralizada\/#breadcrumb","itemListElement":[{"@type":"ListItem","position":1,"name":"Home","item":"https:\/\/huelightusa.com\/es\/"},{"@type":"ListItem","position":2,"name":"Productos","item":"https:\/\/huelightusa.com\/products\/"},{"@type":"ListItem","position":3,"name":"Agua esteralizada"}]},{"@type":"WebSite","@id":"https:\/\/huelightusa.com\/es\/#website","url":"https:\/\/huelightusa.com\/es\/","name":"Hue Light USA","description":"","publisher":{"@id":"https:\/\/huelightusa.com\/es\/#organization"},"potentialAction":[{"@type":"SearchAction","target":{"@type":"EntryPoint","urlTemplate":"https:\/\/huelightusa.com\/es\/?s={search_term_string}"},"query-input":{"@type":"PropertyValueSpecification","valueRequired":true,"valueName":"search_term_string"}}],"inLanguage":"es"},{"@type":"Organization","@id":"https:\/\/huelightusa.com\/es\/#organization","name":"Hue Light USA","url":"https:\/\/huelightusa.com\/es\/","logo":{"@type":"ImageObject","inLanguage":"es","@id":"https:\/\/huelightusa.com\/es\/#\/schema\/logo\/image\/","url":"https:\/\/huelightusa.com\/wp-content\/uploads\/2024\/04\/HueLightUSA_Logo.png","contentUrl":"https:\/\/huelightusa.com\/wp-content\/uploads\/2024\/04\/HueLightUSA_Logo.png","width":862,"height":169,"caption":"Hue Light USA"},"image":{"@id":"https:\/\/huelightusa.com\/es\/#\/schema\/logo\/image\/"}}]}},"_links":{"self":[{"href":"https:\/\/huelightusa.com\/es\/wp-json\/wp\/v2\/product\/18464","targetHints":{"allow":["GET"]}}],"collection":[{"href":"https:\/\/huelightusa.com\/es\/wp-json\/wp\/v2\/product"}],"about":[{"href":"https:\/\/huelightusa.com\/es\/wp-json\/wp\/v2\/types\/product"}],"replies":[{"embeddable":true,"href":"https:\/\/huelightusa.com\/es\/wp-json\/wp\/v2\/comments?post=18464"}],"wp:featuredmedia":[{"embeddable":true,"href":"https:\/\/huelightusa.com\/es\/wp-json\/wp\/v2\/media\/1245"}],"wp:attachment":[{"href":"https:\/\/huelightusa.com\/es\/wp-json\/wp\/v2\/media?parent=18464"}],"wp:term":[{"taxonomy":"product_brand","embeddable":true,"href":"https:\/\/huelightusa.com\/es\/wp-json\/wp\/v2\/product_brand?post=18464"},{"taxonomy":"product_cat","embeddable":true,"href":"https:\/\/huelightusa.com\/es\/wp-json\/wp\/v2\/product_cat?post=18464"},{"taxonomy":"product_tag","embeddable":true,"href":"https:\/\/huelightusa.com\/es\/wp-json\/wp\/v2\/product_tag?post=18464"}],"curies":[{"name":"wp","href":"https:\/\/api.w.org\/{rel}","templated":true}]}}