{"id":18468,"date":"2024-04-18T12:03:51","date_gmt":"2024-04-18T16:03:51","guid":{"rendered":"https:\/\/huelightusa.com\/product\/terapia-de-inhalacion-de-hidrogeno-guia-por-youn-sung-lee-2020\/"},"modified":"2025-03-27T10:07:38","modified_gmt":"2025-03-27T14:07:38","slug":"terapia-de-inhalacion-de-hidrogeno-guia-por-youn-sung-lee-2020","status":"publish","type":"product","link":"https:\/\/huelightusa.com\/es\/producto\/terapia-de-inhalacion-de-hidrogeno-guia-por-youn-sung-lee-2020\/","title":{"rendered":"Terapia de inhalaci\u00f3n de hidr\u00f3geno: gu\u00eda &#8211; Por Youn Sung Lee (2020)"},"content":{"rendered":"<h2>Terapia de inhalaci\u00f3n de hidr\u00f3geno: gu\u00eda \u2013 Por Youn Sung Lee (2020)<\/h2>\n<p>La terapia de inhalaci\u00f3n de hidr\u00f3geno molecular es un enfoque sanitario relativamente nuevo. Sin embargo, ofrece innumerables beneficios para nuestra salud.<\/p>\n<p>Como uno de los antioxidantes m\u00e1s poderosos de la naturaleza, el hidr\u00f3geno molecular puede ayudar a:<\/p>\n<ul class=\"pro-list\">\n<li>Prevenir enfermedades cr\u00f3nicas<\/li>\n<li>Restaurar la funci\u00f3n inmune saludable<\/li>\n<li>Reducir la inflamaci\u00f3n y el estr\u00e9s oxidativo.<\/li>\n<li>Neutralizar los radicales libres da\u00f1inos<\/li>\n<li>Apoyar la funci\u00f3n pulmonar saludable<\/li>\n<\/ul>\n<p>Conozca las distintas formas en que la inhalaci\u00f3n de hidr\u00f3geno ofrece apoyo para todo el cuerpo en esta gu\u00eda innovadora. El autor Youn Sung Lee proporciona una introducci\u00f3n a la inhalaci\u00f3n de hidr\u00f3geno molecular, c\u00f3mo favorece la salud general y c\u00f3mo puede integrarse en los planes de tratamiento modernos.<\/p>\n","protected":false},"excerpt":{"rendered":"<p><span class=\"product-title\">Hydrogen Inhalation Therapy: Guidebook &#8211; By Youn Sung Lee (2020)<\/span><br \/>\nMolecular hydrogen inhalation therapy is a relatively new healthcare approach. Sin embargo, ofrece innumerables beneficios para nuestra salud.<\/p>\n<p>Como uno de los antioxidantes m\u00e1s poderosos de la naturaleza, el hidr\u00f3geno molecular puede ayudar a:<\/p>\n<ul style=\"list-style-type: disc;\">\n<li>Prevenir enfermedades cr\u00f3nicas<\/li>\n<li>Restaurar la funci\u00f3n inmune saludable<\/li>\n<li>Reducir la inflamaci\u00f3n y el estr\u00e9s oxidativo.<\/li>\n<li>Neutralizar los radicales libres da\u00f1inos<\/li>\n<li>Apoyar la funci\u00f3n pulmonar saludable<\/li>\n<\/ul>\n<p>Conozca las distintas formas en que la inhalaci\u00f3n de hidr\u00f3geno ofrece apoyo para todo el cuerpo en esta gu\u00eda innovadora. El autor Youn Sung Lee proporciona una introducci\u00f3n a la inhalaci\u00f3n de hidr\u00f3geno molecular, c\u00f3mo favorece la salud general y c\u00f3mo puede integrarse en los planes de tratamiento modernos.<\/p>\n","protected":false},"featured_media":20636,"comment_status":"closed","ping_status":"closed","template":"","meta":{"_acf_changed":false},"product_brand":[],"product_cat":[200],"product_tag":[],"class_list":{"0":"post-18468","1":"product","2":"type-product","3":"status-publish","4":"has-post-thumbnail","6":"product_cat-productos","7":"product_shipping_class-guidebook-es","9":"first","10":"instock","11":"shipping-taxable","12":"purchasable","13":"product-type-simple"},"acf":[],"yoast_head":"<!-- This site is optimized with the Yoast SEO Premium plugin v22.8 (Yoast SEO v26.3) - https:\/\/yoast.com\/wordpress\/plugins\/seo\/ -->\n<title>Terapia de inhalaci\u00f3n de hidr\u00f3geno (gu\u00eda) - Youn Sung Lee<\/title>\n<meta name=\"description\" content=\"Descubra el potencial de la terapia de inhalaci\u00f3n de hidr\u00f3geno en el libro de Youn Sung Lee de 2020 Immunity = Competitive Edge - Hydrogen Inhalation Therapy.\" \/>\n<meta name=\"robots\" content=\"index, follow, max-snippet:-1, max-image-preview:large, max-video-preview:-1\" \/>\n<link rel=\"canonical\" href=\"https:\/\/huelightusa.com\/es\/producto\/terapia-de-inhalacion-de-hidrogeno-guia-por-youn-sung-lee-2020\/\" \/>\n<meta property=\"og:locale\" content=\"es_ES\" \/>\n<meta property=\"og:type\" content=\"article\" \/>\n<meta property=\"og:title\" content=\"Terapia de inhalaci\u00f3n de hidr\u00f3geno: gu\u00eda - Por Youn Sung Lee (2020)\" \/>\n<meta property=\"og:description\" content=\"Descubra el potencial de la terapia de inhalaci\u00f3n de hidr\u00f3geno en el libro de Youn Sung Lee de 2020 Immunity = Competitive Edge - Hydrogen Inhalation Therapy.\" \/>\n<meta property=\"og:url\" content=\"https:\/\/huelightusa.com\/es\/producto\/terapia-de-inhalacion-de-hidrogeno-guia-por-youn-sung-lee-2020\/\" \/>\n<meta property=\"og:site_name\" content=\"Hue Light USA\" \/>\n<meta property=\"article:modified_time\" content=\"2025-03-27T14:07:38+00:00\" \/>\n<meta property=\"og:image\" content=\"https:\/\/huelightusa.com\/wp-content\/uploads\/2024\/04\/Book-1.png\" \/>\n\t<meta property=\"og:image:width\" content=\"600\" \/>\n\t<meta property=\"og:image:height\" content=\"550\" \/>\n\t<meta property=\"og:image:type\" content=\"image\/png\" \/>\n<meta name=\"twitter:card\" content=\"summary_large_image\" \/>\n<meta name=\"twitter:label1\" content=\"Est. reading time\" \/>\n\t<meta name=\"twitter:data1\" content=\"1 minuto\" \/>\n<script type=\"application\/ld+json\" class=\"yoast-schema-graph\">{\"@context\":\"https:\/\/schema.org\",\"@graph\":[{\"@type\":\"WebPage\",\"@id\":\"https:\/\/huelightusa.com\/es\/producto\/terapia-de-inhalacion-de-hidrogeno-guia-por-youn-sung-lee-2020\/\",\"url\":\"https:\/\/huelightusa.com\/es\/producto\/terapia-de-inhalacion-de-hidrogeno-guia-por-youn-sung-lee-2020\/\",\"name\":\"Terapia de inhalaci\u00f3n de hidr\u00f3geno (gu\u00eda) - Youn Sung Lee\",\"isPartOf\":{\"@id\":\"https:\/\/huelightusa.com\/es\/#website\"},\"primaryImageOfPage\":{\"@id\":\"https:\/\/huelightusa.com\/es\/producto\/terapia-de-inhalacion-de-hidrogeno-guia-por-youn-sung-lee-2020\/#primaryimage\"},\"image\":{\"@id\":\"https:\/\/huelightusa.com\/es\/producto\/terapia-de-inhalacion-de-hidrogeno-guia-por-youn-sung-lee-2020\/#primaryimage\"},\"thumbnailUrl\":\"https:\/\/huelightusa.com\/wp-content\/uploads\/2024\/04\/Book-1.png\",\"datePublished\":\"2024-04-18T16:03:51+00:00\",\"dateModified\":\"2025-03-27T14:07:38+00:00\",\"description\":\"Descubra el potencial de la terapia de inhalaci\u00f3n de hidr\u00f3geno en el libro de Youn Sung Lee de 2020 Immunity = Competitive Edge - Hydrogen Inhalation Therapy.\",\"breadcrumb\":{\"@id\":\"https:\/\/huelightusa.com\/es\/producto\/terapia-de-inhalacion-de-hidrogeno-guia-por-youn-sung-lee-2020\/#breadcrumb\"},\"inLanguage\":\"es\",\"potentialAction\":[{\"@type\":\"ReadAction\",\"target\":[\"https:\/\/huelightusa.com\/es\/producto\/terapia-de-inhalacion-de-hidrogeno-guia-por-youn-sung-lee-2020\/\"]}]},{\"@type\":\"ImageObject\",\"inLanguage\":\"es\",\"@id\":\"https:\/\/huelightusa.com\/es\/producto\/terapia-de-inhalacion-de-hidrogeno-guia-por-youn-sung-lee-2020\/#primaryimage\",\"url\":\"https:\/\/huelightusa.com\/wp-content\/uploads\/2024\/04\/Book-1.png\",\"contentUrl\":\"https:\/\/huelightusa.com\/wp-content\/uploads\/2024\/04\/Book-1.png\",\"width\":600,\"height\":550,\"caption\":\"Hydrogen inhalation therapy image\"},{\"@type\":\"BreadcrumbList\",\"@id\":\"https:\/\/huelightusa.com\/es\/producto\/terapia-de-inhalacion-de-hidrogeno-guia-por-youn-sung-lee-2020\/#breadcrumb\",\"itemListElement\":[{\"@type\":\"ListItem\",\"position\":1,\"name\":\"Home\",\"item\":\"https:\/\/huelightusa.com\/es\/\"},{\"@type\":\"ListItem\",\"position\":2,\"name\":\"Productos\",\"item\":\"https:\/\/huelightusa.com\/products\/\"},{\"@type\":\"ListItem\",\"position\":3,\"name\":\"Terapia de inhalaci\u00f3n de hidr\u00f3geno: gu\u00eda &#8211; Por Youn Sung Lee (2020)\"}]},{\"@type\":\"WebSite\",\"@id\":\"https:\/\/huelightusa.com\/es\/#website\",\"url\":\"https:\/\/huelightusa.com\/es\/\",\"name\":\"Hue Light USA\",\"description\":\"\",\"publisher\":{\"@id\":\"https:\/\/huelightusa.com\/es\/#organization\"},\"potentialAction\":[{\"@type\":\"SearchAction\",\"target\":{\"@type\":\"EntryPoint\",\"urlTemplate\":\"https:\/\/huelightusa.com\/es\/?s={search_term_string}\"},\"query-input\":{\"@type\":\"PropertyValueSpecification\",\"valueRequired\":true,\"valueName\":\"search_term_string\"}}],\"inLanguage\":\"es\"},{\"@type\":\"Organization\",\"@id\":\"https:\/\/huelightusa.com\/es\/#organization\",\"name\":\"Hue Light USA\",\"url\":\"https:\/\/huelightusa.com\/es\/\",\"logo\":{\"@type\":\"ImageObject\",\"inLanguage\":\"es\",\"@id\":\"https:\/\/huelightusa.com\/es\/#\/schema\/logo\/image\/\",\"url\":\"https:\/\/huelightusa.com\/wp-content\/uploads\/2024\/04\/HueLightUSA_Logo.png\",\"contentUrl\":\"https:\/\/huelightusa.com\/wp-content\/uploads\/2024\/04\/HueLightUSA_Logo.png\",\"width\":862,\"height\":169,\"caption\":\"Hue Light USA\"},\"image\":{\"@id\":\"https:\/\/huelightusa.com\/es\/#\/schema\/logo\/image\/\"}}]}<\/script>\n<!-- \/ Yoast SEO Premium plugin. -->","yoast_head_json":{"title":"Terapia de inhalaci\u00f3n de hidr\u00f3geno (gu\u00eda) - Youn Sung Lee","description":"Descubra el potencial de la terapia de inhalaci\u00f3n de hidr\u00f3geno en el libro de Youn Sung Lee de 2020 Immunity = Competitive Edge - Hydrogen Inhalation Therapy.","robots":{"index":"index","follow":"follow","max-snippet":"max-snippet:-1","max-image-preview":"max-image-preview:large","max-video-preview":"max-video-preview:-1"},"canonical":"https:\/\/huelightusa.com\/es\/producto\/terapia-de-inhalacion-de-hidrogeno-guia-por-youn-sung-lee-2020\/","og_locale":"es_ES","og_type":"article","og_title":"Terapia de inhalaci\u00f3n de hidr\u00f3geno: gu\u00eda - Por Youn Sung Lee (2020)","og_description":"Descubra el potencial de la terapia de inhalaci\u00f3n de hidr\u00f3geno en el libro de Youn Sung Lee de 2020 Immunity = Competitive Edge - Hydrogen Inhalation Therapy.","og_url":"https:\/\/huelightusa.com\/es\/producto\/terapia-de-inhalacion-de-hidrogeno-guia-por-youn-sung-lee-2020\/","og_site_name":"Hue Light USA","article_modified_time":"2025-03-27T14:07:38+00:00","og_image":[{"width":600,"height":550,"url":"https:\/\/huelightusa.com\/wp-content\/uploads\/2024\/04\/Book-1.png","type":"image\/png"}],"twitter_card":"summary_large_image","twitter_misc":{"Est. reading time":"1 minuto"},"schema":{"@context":"https:\/\/schema.org","@graph":[{"@type":"WebPage","@id":"https:\/\/huelightusa.com\/es\/producto\/terapia-de-inhalacion-de-hidrogeno-guia-por-youn-sung-lee-2020\/","url":"https:\/\/huelightusa.com\/es\/producto\/terapia-de-inhalacion-de-hidrogeno-guia-por-youn-sung-lee-2020\/","name":"Terapia de inhalaci\u00f3n de hidr\u00f3geno (gu\u00eda) - Youn Sung Lee","isPartOf":{"@id":"https:\/\/huelightusa.com\/es\/#website"},"primaryImageOfPage":{"@id":"https:\/\/huelightusa.com\/es\/producto\/terapia-de-inhalacion-de-hidrogeno-guia-por-youn-sung-lee-2020\/#primaryimage"},"image":{"@id":"https:\/\/huelightusa.com\/es\/producto\/terapia-de-inhalacion-de-hidrogeno-guia-por-youn-sung-lee-2020\/#primaryimage"},"thumbnailUrl":"https:\/\/huelightusa.com\/wp-content\/uploads\/2024\/04\/Book-1.png","datePublished":"2024-04-18T16:03:51+00:00","dateModified":"2025-03-27T14:07:38+00:00","description":"Descubra el potencial de la terapia de inhalaci\u00f3n de hidr\u00f3geno en el libro de Youn Sung Lee de 2020 Immunity = Competitive Edge - Hydrogen Inhalation Therapy.","breadcrumb":{"@id":"https:\/\/huelightusa.com\/es\/producto\/terapia-de-inhalacion-de-hidrogeno-guia-por-youn-sung-lee-2020\/#breadcrumb"},"inLanguage":"es","potentialAction":[{"@type":"ReadAction","target":["https:\/\/huelightusa.com\/es\/producto\/terapia-de-inhalacion-de-hidrogeno-guia-por-youn-sung-lee-2020\/"]}]},{"@type":"ImageObject","inLanguage":"es","@id":"https:\/\/huelightusa.com\/es\/producto\/terapia-de-inhalacion-de-hidrogeno-guia-por-youn-sung-lee-2020\/#primaryimage","url":"https:\/\/huelightusa.com\/wp-content\/uploads\/2024\/04\/Book-1.png","contentUrl":"https:\/\/huelightusa.com\/wp-content\/uploads\/2024\/04\/Book-1.png","width":600,"height":550,"caption":"Hydrogen inhalation therapy image"},{"@type":"BreadcrumbList","@id":"https:\/\/huelightusa.com\/es\/producto\/terapia-de-inhalacion-de-hidrogeno-guia-por-youn-sung-lee-2020\/#breadcrumb","itemListElement":[{"@type":"ListItem","position":1,"name":"Home","item":"https:\/\/huelightusa.com\/es\/"},{"@type":"ListItem","position":2,"name":"Productos","item":"https:\/\/huelightusa.com\/products\/"},{"@type":"ListItem","position":3,"name":"Terapia de inhalaci\u00f3n de hidr\u00f3geno: gu\u00eda &#8211; Por Youn Sung Lee (2020)"}]},{"@type":"WebSite","@id":"https:\/\/huelightusa.com\/es\/#website","url":"https:\/\/huelightusa.com\/es\/","name":"Hue Light USA","description":"","publisher":{"@id":"https:\/\/huelightusa.com\/es\/#organization"},"potentialAction":[{"@type":"SearchAction","target":{"@type":"EntryPoint","urlTemplate":"https:\/\/huelightusa.com\/es\/?s={search_term_string}"},"query-input":{"@type":"PropertyValueSpecification","valueRequired":true,"valueName":"search_term_string"}}],"inLanguage":"es"},{"@type":"Organization","@id":"https:\/\/huelightusa.com\/es\/#organization","name":"Hue Light USA","url":"https:\/\/huelightusa.com\/es\/","logo":{"@type":"ImageObject","inLanguage":"es","@id":"https:\/\/huelightusa.com\/es\/#\/schema\/logo\/image\/","url":"https:\/\/huelightusa.com\/wp-content\/uploads\/2024\/04\/HueLightUSA_Logo.png","contentUrl":"https:\/\/huelightusa.com\/wp-content\/uploads\/2024\/04\/HueLightUSA_Logo.png","width":862,"height":169,"caption":"Hue Light USA"},"image":{"@id":"https:\/\/huelightusa.com\/es\/#\/schema\/logo\/image\/"}}]}},"_links":{"self":[{"href":"https:\/\/huelightusa.com\/es\/wp-json\/wp\/v2\/product\/18468","targetHints":{"allow":["GET"]}}],"collection":[{"href":"https:\/\/huelightusa.com\/es\/wp-json\/wp\/v2\/product"}],"about":[{"href":"https:\/\/huelightusa.com\/es\/wp-json\/wp\/v2\/types\/product"}],"replies":[{"embeddable":true,"href":"https:\/\/huelightusa.com\/es\/wp-json\/wp\/v2\/comments?post=18468"}],"wp:featuredmedia":[{"embeddable":true,"href":"https:\/\/huelightusa.com\/es\/wp-json\/wp\/v2\/media\/20636"}],"wp:attachment":[{"href":"https:\/\/huelightusa.com\/es\/wp-json\/wp\/v2\/media?parent=18468"}],"wp:term":[{"taxonomy":"product_brand","embeddable":true,"href":"https:\/\/huelightusa.com\/es\/wp-json\/wp\/v2\/product_brand?post=18468"},{"taxonomy":"product_cat","embeddable":true,"href":"https:\/\/huelightusa.com\/es\/wp-json\/wp\/v2\/product_cat?post=18468"},{"taxonomy":"product_tag","embeddable":true,"href":"https:\/\/huelightusa.com\/es\/wp-json\/wp\/v2\/product_tag?post=18468"}],"curies":[{"name":"wp","href":"https:\/\/api.w.org\/{rel}","templated":true}]}}