{"id":18469,"date":"2024-04-18T12:03:51","date_gmt":"2024-04-18T12:03:51","guid":{"rendered":"https:\/\/huelightusa.com\/product\/panel-de-cuerpo-completo-pbm-con-soporte\/"},"modified":"2025-05-22T04:18:59","modified_gmt":"2025-05-22T08:18:59","slug":"panel-de-cuerpo-completo-pbm-con-soporte","status":"publish","type":"product","link":"https:\/\/huelightusa.com\/es\/producto\/panel-de-cuerpo-completo-pbm-con-soporte\/","title":{"rendered":"Panel de cuerpo completo PBM con soporte"},"content":{"rendered":"<h2 class=\"pro-title\">Panel de cuerpo completo PBM con soporte<\/h2>\n<h2>Rendimiento de nivel profesional, cobertura de cuerpo completo.<\/h2>\n<p>El panel de terapia de luz roja PBM de Hue Light ofrece una alternativa econ\u00f3mica a las camas de luz LED tradicionales. Ajuste la posici\u00f3n f\u00e1cilmente mediante control remoto y aplique terapia de fotobiomodulaci\u00f3n de cuerpo completo desde cualquier lugar. Equipado con 5 longitudes de onda y con una potencia de calidad comercial, el panel de terapia de luz PBM de Hue Light ofrece una experiencia de cuerpo completo de calidad profesional.   <\/p>\n<ul class=\"pro-list\">\n<li><b>F\u00e1cil instalaci\u00f3n:<\/b> ajuste la altura a trav\u00e9s del brazo de control motorizado (incluido) o desbloquee y gire para lograr una orientaci\u00f3n completamente vertical, horizontal o de 45 grados.<\/li>\n<li><b>Un panel, cobertura completa:<\/b> mide 6,7 pies (largo) x 2,25 pies y est\u00e1 equipado con 17.280 diodos de grado m\u00e9dico; ofrece tratamientos de cuerpo completo en una sola sesi\u00f3n: el contrapunto de los sistemas modulares.<\/li>\n<li><b>Terapia de luz de espectro completo:<\/b> rendimiento de grado m\u00e9dico con m\u00faltiples longitudes de onda: verde (530 nm), rojo (660 nm), infrarrojo cercano (810 nm &#8211; 850 nm) e infrarrojo (940 nm); frecuencias seleccionables basadas en frecuencias de Nogier; e irradiancia de grado profesional (70-90 mW\/cm2).<\/li>\n<\/ul>\n","protected":false},"excerpt":{"rendered":"<p><span class=\"product-title\">Panel de cuerpo completo PBM con soporte<br \/>\n<\/span>El panel de cuerpo completo para terapia de luz roja de Hue Light ofrece una alternativa econ\u00f3mica a las camas RLT tradicionales. Ajuste la posici\u00f3n sin esfuerzo y administre terapia de fotobiomodulaci\u00f3n de cuerpo completo desde cualquier lugar. Con 8 configuraciones de frecuencia de pulso, el panel RLT de cuerpo completo le permite personalizar la atenci\u00f3n para que coincida con los s\u00edntomas. Las investigaciones muestran que RLT puede ayudar a activar las mitocondrias celulares y estimular el rejuvenecimiento celular. Estos paneles PBM de cuerpo completo son ideales para uso cl\u00ednico m\u00f3vil, uso dom\u00e9stico o para portabilidad dentro de un centro de bienestar.<\/p>\n","protected":false},"featured_media":22560,"comment_status":"closed","ping_status":"closed","template":"","meta":{"_acf_changed":false},"product_brand":[],"product_cat":[200],"product_tag":[],"class_list":{"0":"post-18469","1":"product","2":"type-product","3":"status-publish","4":"has-post-thumbnail","6":"product_cat-productos","7":"product_shipping_class-ala-pbm-con-porton-trasero","9":"first","10":"instock","11":"shipping-taxable","12":"purchasable","13":"product-type-simple"},"acf":[],"yoast_head":"<!-- This site is optimized with the Yoast SEO Premium plugin v22.8 (Yoast SEO v26.3) - https:\/\/yoast.com\/wordpress\/plugins\/seo\/ -->\n<title>Panel de luz de fotobiomodulaci\u00f3n - Panel RLT de cuerpo completo - Hue Light USA<\/title>\n<meta name=\"description\" content=\"Compre el nuevo panel de luz roja PBM de Hue Light USA. Nuestro panel PBM proporciona curaci\u00f3n de todo el cuerpo a una fracci\u00f3n del costo de una cama de fototerapia.\" \/>\n<meta name=\"robots\" content=\"index, follow, max-snippet:-1, max-image-preview:large, max-video-preview:-1\" \/>\n<link rel=\"canonical\" href=\"https:\/\/huelightusa.com\/es\/producto\/panel-de-cuerpo-completo-pbm-con-soporte\/\" \/>\n<meta property=\"og:locale\" content=\"es_ES\" \/>\n<meta property=\"og:type\" content=\"article\" \/>\n<meta property=\"og:title\" content=\"Panel de cuerpo completo PBM con soporte\" \/>\n<meta property=\"og:description\" content=\"Compre el nuevo panel de luz roja PBM de Hue Light USA. Nuestro panel PBM proporciona curaci\u00f3n de todo el cuerpo a una fracci\u00f3n del costo de una cama de fototerapia.\" \/>\n<meta property=\"og:url\" content=\"https:\/\/huelightusa.com\/es\/producto\/panel-de-cuerpo-completo-pbm-con-soporte\/\" \/>\n<meta property=\"og:site_name\" content=\"Hue Light USA\" \/>\n<meta property=\"article:modified_time\" content=\"2025-05-22T08:18:59+00:00\" \/>\n<meta property=\"og:image\" content=\"https:\/\/huelightusa.com\/wp-content\/uploads\/2025\/03\/Engaging-Title-For-Product-1-1.png\" \/>\n\t<meta property=\"og:image:width\" content=\"600\" \/>\n\t<meta property=\"og:image:height\" content=\"550\" \/>\n\t<meta property=\"og:image:type\" content=\"image\/png\" \/>\n<meta name=\"twitter:card\" content=\"summary_large_image\" \/>\n<meta name=\"twitter:label1\" content=\"Est. reading time\" \/>\n\t<meta name=\"twitter:data1\" content=\"2 minutos\" \/>\n<script type=\"application\/ld+json\" class=\"yoast-schema-graph\">{\"@context\":\"https:\/\/schema.org\",\"@graph\":[{\"@type\":\"WebPage\",\"@id\":\"https:\/\/huelightusa.com\/es\/producto\/panel-de-cuerpo-completo-pbm-con-soporte\/\",\"url\":\"https:\/\/huelightusa.com\/es\/producto\/panel-de-cuerpo-completo-pbm-con-soporte\/\",\"name\":\"Panel de luz de fotobiomodulaci\u00f3n - Panel RLT de cuerpo completo - Hue Light USA\",\"isPartOf\":{\"@id\":\"https:\/\/huelightusa.com\/es\/#website\"},\"primaryImageOfPage\":{\"@id\":\"https:\/\/huelightusa.com\/es\/producto\/panel-de-cuerpo-completo-pbm-con-soporte\/#primaryimage\"},\"image\":{\"@id\":\"https:\/\/huelightusa.com\/es\/producto\/panel-de-cuerpo-completo-pbm-con-soporte\/#primaryimage\"},\"thumbnailUrl\":\"https:\/\/huelightusa.com\/wp-content\/uploads\/2025\/03\/Engaging-Title-For-Product-1-1.png\",\"datePublished\":\"2024-04-18T12:03:51+00:00\",\"dateModified\":\"2025-05-22T08:18:59+00:00\",\"description\":\"Compre el nuevo panel de luz roja PBM de Hue Light USA. Nuestro panel PBM proporciona curaci\u00f3n de todo el cuerpo a una fracci\u00f3n del costo de una cama de fototerapia.\",\"breadcrumb\":{\"@id\":\"https:\/\/huelightusa.com\/es\/producto\/panel-de-cuerpo-completo-pbm-con-soporte\/#breadcrumb\"},\"inLanguage\":\"es\",\"potentialAction\":[{\"@type\":\"ReadAction\",\"target\":[\"https:\/\/huelightusa.com\/es\/producto\/panel-de-cuerpo-completo-pbm-con-soporte\/\"]}]},{\"@type\":\"ImageObject\",\"inLanguage\":\"es\",\"@id\":\"https:\/\/huelightusa.com\/es\/producto\/panel-de-cuerpo-completo-pbm-con-soporte\/#primaryimage\",\"url\":\"https:\/\/huelightusa.com\/wp-content\/uploads\/2025\/03\/Engaging-Title-For-Product-1-1.png\",\"contentUrl\":\"https:\/\/huelightusa.com\/wp-content\/uploads\/2025\/03\/Engaging-Title-For-Product-1-1.png\",\"width\":600,\"height\":550},{\"@type\":\"BreadcrumbList\",\"@id\":\"https:\/\/huelightusa.com\/es\/producto\/panel-de-cuerpo-completo-pbm-con-soporte\/#breadcrumb\",\"itemListElement\":[{\"@type\":\"ListItem\",\"position\":1,\"name\":\"Home\",\"item\":\"https:\/\/huelightusa.com\/es\/\"},{\"@type\":\"ListItem\",\"position\":2,\"name\":\"Productos\",\"item\":\"https:\/\/huelightusa.com\/products\/\"},{\"@type\":\"ListItem\",\"position\":3,\"name\":\"Panel de cuerpo completo PBM con soporte\"}]},{\"@type\":\"WebSite\",\"@id\":\"https:\/\/huelightusa.com\/es\/#website\",\"url\":\"https:\/\/huelightusa.com\/es\/\",\"name\":\"Hue Light USA\",\"description\":\"\",\"publisher\":{\"@id\":\"https:\/\/huelightusa.com\/es\/#organization\"},\"potentialAction\":[{\"@type\":\"SearchAction\",\"target\":{\"@type\":\"EntryPoint\",\"urlTemplate\":\"https:\/\/huelightusa.com\/es\/?s={search_term_string}\"},\"query-input\":{\"@type\":\"PropertyValueSpecification\",\"valueRequired\":true,\"valueName\":\"search_term_string\"}}],\"inLanguage\":\"es\"},{\"@type\":\"Organization\",\"@id\":\"https:\/\/huelightusa.com\/es\/#organization\",\"name\":\"Hue Light USA\",\"url\":\"https:\/\/huelightusa.com\/es\/\",\"logo\":{\"@type\":\"ImageObject\",\"inLanguage\":\"es\",\"@id\":\"https:\/\/huelightusa.com\/es\/#\/schema\/logo\/image\/\",\"url\":\"https:\/\/huelightusa.com\/wp-content\/uploads\/2024\/04\/HueLightUSA_Logo.png\",\"contentUrl\":\"https:\/\/huelightusa.com\/wp-content\/uploads\/2024\/04\/HueLightUSA_Logo.png\",\"width\":862,\"height\":169,\"caption\":\"Hue Light USA\"},\"image\":{\"@id\":\"https:\/\/huelightusa.com\/es\/#\/schema\/logo\/image\/\"}}]}<\/script>\n<!-- \/ Yoast SEO Premium plugin. -->","yoast_head_json":{"title":"Panel de luz de fotobiomodulaci\u00f3n - Panel RLT de cuerpo completo - Hue Light USA","description":"Compre el nuevo panel de luz roja PBM de Hue Light USA. Nuestro panel PBM proporciona curaci\u00f3n de todo el cuerpo a una fracci\u00f3n del costo de una cama de fototerapia.","robots":{"index":"index","follow":"follow","max-snippet":"max-snippet:-1","max-image-preview":"max-image-preview:large","max-video-preview":"max-video-preview:-1"},"canonical":"https:\/\/huelightusa.com\/es\/producto\/panel-de-cuerpo-completo-pbm-con-soporte\/","og_locale":"es_ES","og_type":"article","og_title":"Panel de cuerpo completo PBM con soporte","og_description":"Compre el nuevo panel de luz roja PBM de Hue Light USA. Nuestro panel PBM proporciona curaci\u00f3n de todo el cuerpo a una fracci\u00f3n del costo de una cama de fototerapia.","og_url":"https:\/\/huelightusa.com\/es\/producto\/panel-de-cuerpo-completo-pbm-con-soporte\/","og_site_name":"Hue Light USA","article_modified_time":"2025-05-22T08:18:59+00:00","og_image":[{"width":600,"height":550,"url":"https:\/\/huelightusa.com\/wp-content\/uploads\/2025\/03\/Engaging-Title-For-Product-1-1.png","type":"image\/png"}],"twitter_card":"summary_large_image","twitter_misc":{"Est. reading time":"2 minutos"},"schema":{"@context":"https:\/\/schema.org","@graph":[{"@type":"WebPage","@id":"https:\/\/huelightusa.com\/es\/producto\/panel-de-cuerpo-completo-pbm-con-soporte\/","url":"https:\/\/huelightusa.com\/es\/producto\/panel-de-cuerpo-completo-pbm-con-soporte\/","name":"Panel de luz de fotobiomodulaci\u00f3n - Panel RLT de cuerpo completo - Hue Light USA","isPartOf":{"@id":"https:\/\/huelightusa.com\/es\/#website"},"primaryImageOfPage":{"@id":"https:\/\/huelightusa.com\/es\/producto\/panel-de-cuerpo-completo-pbm-con-soporte\/#primaryimage"},"image":{"@id":"https:\/\/huelightusa.com\/es\/producto\/panel-de-cuerpo-completo-pbm-con-soporte\/#primaryimage"},"thumbnailUrl":"https:\/\/huelightusa.com\/wp-content\/uploads\/2025\/03\/Engaging-Title-For-Product-1-1.png","datePublished":"2024-04-18T12:03:51+00:00","dateModified":"2025-05-22T08:18:59+00:00","description":"Compre el nuevo panel de luz roja PBM de Hue Light USA. Nuestro panel PBM proporciona curaci\u00f3n de todo el cuerpo a una fracci\u00f3n del costo de una cama de fototerapia.","breadcrumb":{"@id":"https:\/\/huelightusa.com\/es\/producto\/panel-de-cuerpo-completo-pbm-con-soporte\/#breadcrumb"},"inLanguage":"es","potentialAction":[{"@type":"ReadAction","target":["https:\/\/huelightusa.com\/es\/producto\/panel-de-cuerpo-completo-pbm-con-soporte\/"]}]},{"@type":"ImageObject","inLanguage":"es","@id":"https:\/\/huelightusa.com\/es\/producto\/panel-de-cuerpo-completo-pbm-con-soporte\/#primaryimage","url":"https:\/\/huelightusa.com\/wp-content\/uploads\/2025\/03\/Engaging-Title-For-Product-1-1.png","contentUrl":"https:\/\/huelightusa.com\/wp-content\/uploads\/2025\/03\/Engaging-Title-For-Product-1-1.png","width":600,"height":550},{"@type":"BreadcrumbList","@id":"https:\/\/huelightusa.com\/es\/producto\/panel-de-cuerpo-completo-pbm-con-soporte\/#breadcrumb","itemListElement":[{"@type":"ListItem","position":1,"name":"Home","item":"https:\/\/huelightusa.com\/es\/"},{"@type":"ListItem","position":2,"name":"Productos","item":"https:\/\/huelightusa.com\/products\/"},{"@type":"ListItem","position":3,"name":"Panel de cuerpo completo PBM con soporte"}]},{"@type":"WebSite","@id":"https:\/\/huelightusa.com\/es\/#website","url":"https:\/\/huelightusa.com\/es\/","name":"Hue Light USA","description":"","publisher":{"@id":"https:\/\/huelightusa.com\/es\/#organization"},"potentialAction":[{"@type":"SearchAction","target":{"@type":"EntryPoint","urlTemplate":"https:\/\/huelightusa.com\/es\/?s={search_term_string}"},"query-input":{"@type":"PropertyValueSpecification","valueRequired":true,"valueName":"search_term_string"}}],"inLanguage":"es"},{"@type":"Organization","@id":"https:\/\/huelightusa.com\/es\/#organization","name":"Hue Light USA","url":"https:\/\/huelightusa.com\/es\/","logo":{"@type":"ImageObject","inLanguage":"es","@id":"https:\/\/huelightusa.com\/es\/#\/schema\/logo\/image\/","url":"https:\/\/huelightusa.com\/wp-content\/uploads\/2024\/04\/HueLightUSA_Logo.png","contentUrl":"https:\/\/huelightusa.com\/wp-content\/uploads\/2024\/04\/HueLightUSA_Logo.png","width":862,"height":169,"caption":"Hue Light USA"},"image":{"@id":"https:\/\/huelightusa.com\/es\/#\/schema\/logo\/image\/"}}]}},"_links":{"self":[{"href":"https:\/\/huelightusa.com\/es\/wp-json\/wp\/v2\/product\/18469","targetHints":{"allow":["GET"]}}],"collection":[{"href":"https:\/\/huelightusa.com\/es\/wp-json\/wp\/v2\/product"}],"about":[{"href":"https:\/\/huelightusa.com\/es\/wp-json\/wp\/v2\/types\/product"}],"replies":[{"embeddable":true,"href":"https:\/\/huelightusa.com\/es\/wp-json\/wp\/v2\/comments?post=18469"}],"wp:featuredmedia":[{"embeddable":true,"href":"https:\/\/huelightusa.com\/es\/wp-json\/wp\/v2\/media\/22560"}],"wp:attachment":[{"href":"https:\/\/huelightusa.com\/es\/wp-json\/wp\/v2\/media?parent=18469"}],"wp:term":[{"taxonomy":"product_brand","embeddable":true,"href":"https:\/\/huelightusa.com\/es\/wp-json\/wp\/v2\/product_brand?post=18469"},{"taxonomy":"product_cat","embeddable":true,"href":"https:\/\/huelightusa.com\/es\/wp-json\/wp\/v2\/product_cat?post=18469"},{"taxonomy":"product_tag","embeddable":true,"href":"https:\/\/huelightusa.com\/es\/wp-json\/wp\/v2\/product_tag?post=18469"}],"curies":[{"name":"wp","href":"https:\/\/api.w.org\/{rel}","templated":true}]}}