{"id":18472,"date":"2024-04-18T12:03:50","date_gmt":"2024-04-18T12:03:50","guid":{"rendered":"https:\/\/huelightusa.com\/product\/generador-de-spa-de-hidrogeno-con-nanoburbujas-hm-spa500\/"},"modified":"2025-03-27T10:06:15","modified_gmt":"2025-03-27T14:06:15","slug":"generador-de-spa-de-hidrogeno-con-nanoburbujas-hm-spa500","status":"publish","type":"product","link":"https:\/\/huelightusa.com\/es\/producto\/generador-de-spa-de-hidrogeno-con-nanoburbujas-hm-spa500\/","title":{"rendered":"Generador SPA de Hidr\u00f3geno Nanoburbujas HM-Spa 500"},"content":{"rendered":"<h2 class=\"pro-title\">Generador SPA de nanoburbujas HM-500<\/h2>\n<h2>Revitalizar y restaurar en un ba\u00f1o y ducha de hidr\u00f3geno<\/h2>\n<p>Experimente ba\u00f1os de hidr\u00f3geno rejuvenecedores tipo spa en la comodidad de su hogar con el generador de ba\u00f1o de hidr\u00f3geno de nanoburbujas HM-500. Esta m\u00e1quina de ba\u00f1o de hidr\u00f3geno genera millones de nanoburbujas, peque\u00f1as burbujas de gas hidr\u00f3geno, que transforman el agua corriente del grifo en un ba\u00f1o de hidr\u00f3geno revitalizante. <\/p>\n<p>Ba\u00f1arse en agua hidrogenada puede ayudar a restaurar y purificar la piel, adem\u00e1s de relajar y reparar el cuerpo. <\/p>\n<ul class=\"pro-list\">\n<li><b>Alto caudal:<\/b> infunde agua de ba\u00f1o con un flujo de hidr\u00f3geno de alto rendimiento (4,8 l por minuto), dispersando un promedio de 500 millones de nanoburbujas por minuto.<\/li>\n<li><b>Seguro y duradero:<\/b> utiliza el m\u00e9todo de generaci\u00f3n de gas hidr\u00f3geno (PEM) m\u00e1s seguro; protegido por una garant\u00eda de 1 a\u00f1o en los componentes generadores de burbujas.<\/li>\n<li><b>Dise\u00f1o elegante y port\u00e1til:<\/b> una pieza destacada en cualquier spa de bienestar, el generador de hidr\u00f3geno para spa HM-500 es f\u00e1cil de usar y se puede mover r\u00e1pidamente.<\/li>\n<li><b>Apoyo para el cuidado de la piel:<\/b> Los ba\u00f1os y duchas de hidr\u00f3geno pueden favorecer la salud de la piel y pueden ser \u00fatiles para quienes tienen exceso de sebo o piel seborreica.<\/li>\n<\/ul>\n","protected":false},"excerpt":{"rendered":"<p><span class=\"product-title\">Generador de nanoburbujas de hidr\u00f3geno para spa HM-SPA 500<br \/>\n<\/span>Disfrute de ba\u00f1os de hidr\u00f3geno rejuvenecedores, similares a los de un spa, en la comodidad de su hogar con nuestro generador de nanoburbujas de hidr\u00f3geno. Este dispositivo genera nanoburbujas de hidr\u00f3geno, que son peque\u00f1as burbujas de gas hidr\u00f3geno, y transforma el agua del grifo en un revitalizante ba\u00f1o de hidr\u00f3geno. Ba\u00f1arse en agua con hidr\u00f3geno se puede utilizar para restaurar, relajar y reparar el cuerpo y puede dar como resultado una piel m\u00e1s suave y firme.<\/p>\n","protected":false},"featured_media":21519,"comment_status":"closed","ping_status":"closed","template":"","meta":{"_acf_changed":false},"product_brand":[],"product_cat":[205,200],"product_tag":[],"class_list":{"0":"post-18472","1":"product","2":"type-product","3":"status-publish","4":"has-post-thumbnail","6":"product_cat-hogar","7":"product_cat-productos","8":"product_shipping_class-h-1200-h-2000-sonix-nanobubble-spa-zone-wise-es","10":"first","11":"instock","12":"sale","13":"shipping-taxable","14":"purchasable","15":"product-type-simple"},"acf":[],"yoast_head":"<!-- This site is optimized with the Yoast SEO Premium plugin v22.8 (Yoast SEO v26.3) - https:\/\/yoast.com\/wordpress\/plugins\/seo\/ -->\n<title>Generador de nanoburbujas de hidr\u00f3geno - HM-Spa 500 | Luz Hue EE.UU.<\/title>\n<meta name=\"description\" content=\"Experimenta refrescantes ba\u00f1os de hidr\u00f3geno en casa. Nuestro generador de Nanoburbujas de Hidr\u00f3geno transforma los ba\u00f1os en un spa de hidr\u00f3geno hidratante y desintoxicante. Obtenga una cotizaci\u00f3n hoy.\" \/>\n<meta name=\"robots\" content=\"index, follow, max-snippet:-1, max-image-preview:large, max-video-preview:-1\" \/>\n<link rel=\"canonical\" href=\"https:\/\/huelightusa.com\/es\/producto\/generador-de-spa-de-hidrogeno-con-nanoburbujas-hm-spa500\/\" \/>\n<meta property=\"og:locale\" content=\"es_ES\" \/>\n<meta property=\"og:type\" content=\"article\" \/>\n<meta property=\"og:title\" content=\"Generador SPA de Hidr\u00f3geno Nanoburbujas HM-Spa 500\" \/>\n<meta property=\"og:description\" content=\"Experimenta refrescantes ba\u00f1os de hidr\u00f3geno en casa. Nuestro generador de Nanoburbujas de Hidr\u00f3geno transforma los ba\u00f1os en un spa de hidr\u00f3geno hidratante y desintoxicante. Obtenga una cotizaci\u00f3n hoy.\" \/>\n<meta property=\"og:url\" content=\"https:\/\/huelightusa.com\/es\/producto\/generador-de-spa-de-hidrogeno-con-nanoburbujas-hm-spa500\/\" \/>\n<meta property=\"og:site_name\" content=\"Hue Light USA\" \/>\n<meta property=\"article:modified_time\" content=\"2025-03-27T14:06:15+00:00\" \/>\n<meta property=\"og:image\" content=\"https:\/\/huelightusa.com\/wp-content\/uploads\/2024\/04\/2-3.png\" \/>\n\t<meta property=\"og:image:width\" content=\"600\" \/>\n\t<meta property=\"og:image:height\" content=\"550\" \/>\n\t<meta property=\"og:image:type\" content=\"image\/png\" \/>\n<meta name=\"twitter:card\" content=\"summary_large_image\" \/>\n<meta name=\"twitter:label1\" content=\"Est. reading time\" \/>\n\t<meta name=\"twitter:data1\" content=\"2 minutos\" \/>\n<script type=\"application\/ld+json\" class=\"yoast-schema-graph\">{\"@context\":\"https:\/\/schema.org\",\"@graph\":[{\"@type\":\"WebPage\",\"@id\":\"https:\/\/huelightusa.com\/es\/producto\/generador-de-spa-de-hidrogeno-con-nanoburbujas-hm-spa500\/\",\"url\":\"https:\/\/huelightusa.com\/es\/producto\/generador-de-spa-de-hidrogeno-con-nanoburbujas-hm-spa500\/\",\"name\":\"Generador de nanoburbujas de hidr\u00f3geno - HM-Spa 500 | Luz Hue EE.UU.\",\"isPartOf\":{\"@id\":\"https:\/\/huelightusa.com\/es\/#website\"},\"primaryImageOfPage\":{\"@id\":\"https:\/\/huelightusa.com\/es\/producto\/generador-de-spa-de-hidrogeno-con-nanoburbujas-hm-spa500\/#primaryimage\"},\"image\":{\"@id\":\"https:\/\/huelightusa.com\/es\/producto\/generador-de-spa-de-hidrogeno-con-nanoburbujas-hm-spa500\/#primaryimage\"},\"thumbnailUrl\":\"https:\/\/huelightusa.com\/wp-content\/uploads\/2024\/04\/2-3.png\",\"datePublished\":\"2024-04-18T12:03:50+00:00\",\"dateModified\":\"2025-03-27T14:06:15+00:00\",\"description\":\"Experimenta refrescantes ba\u00f1os de hidr\u00f3geno en casa. Nuestro generador de Nanoburbujas de Hidr\u00f3geno transforma los ba\u00f1os en un spa de hidr\u00f3geno hidratante y desintoxicante. Obtenga una cotizaci\u00f3n hoy.\",\"breadcrumb\":{\"@id\":\"https:\/\/huelightusa.com\/es\/producto\/generador-de-spa-de-hidrogeno-con-nanoburbujas-hm-spa500\/#breadcrumb\"},\"inLanguage\":\"es\",\"potentialAction\":[{\"@type\":\"ReadAction\",\"target\":[\"https:\/\/huelightusa.com\/es\/producto\/generador-de-spa-de-hidrogeno-con-nanoburbujas-hm-spa500\/\"]}]},{\"@type\":\"ImageObject\",\"inLanguage\":\"es\",\"@id\":\"https:\/\/huelightusa.com\/es\/producto\/generador-de-spa-de-hidrogeno-con-nanoburbujas-hm-spa500\/#primaryimage\",\"url\":\"https:\/\/huelightusa.com\/wp-content\/uploads\/2024\/04\/2-3.png\",\"contentUrl\":\"https:\/\/huelightusa.com\/wp-content\/uploads\/2024\/04\/2-3.png\",\"width\":600,\"height\":550},{\"@type\":\"BreadcrumbList\",\"@id\":\"https:\/\/huelightusa.com\/es\/producto\/generador-de-spa-de-hidrogeno-con-nanoburbujas-hm-spa500\/#breadcrumb\",\"itemListElement\":[{\"@type\":\"ListItem\",\"position\":1,\"name\":\"Home\",\"item\":\"https:\/\/huelightusa.com\/es\/\"},{\"@type\":\"ListItem\",\"position\":2,\"name\":\"Productos\",\"item\":\"https:\/\/huelightusa.com\/products\/\"},{\"@type\":\"ListItem\",\"position\":3,\"name\":\"Generador SPA de Hidr\u00f3geno Nanoburbujas HM-Spa 500\"}]},{\"@type\":\"WebSite\",\"@id\":\"https:\/\/huelightusa.com\/es\/#website\",\"url\":\"https:\/\/huelightusa.com\/es\/\",\"name\":\"Hue Light USA\",\"description\":\"\",\"publisher\":{\"@id\":\"https:\/\/huelightusa.com\/es\/#organization\"},\"potentialAction\":[{\"@type\":\"SearchAction\",\"target\":{\"@type\":\"EntryPoint\",\"urlTemplate\":\"https:\/\/huelightusa.com\/es\/?s={search_term_string}\"},\"query-input\":{\"@type\":\"PropertyValueSpecification\",\"valueRequired\":true,\"valueName\":\"search_term_string\"}}],\"inLanguage\":\"es\"},{\"@type\":\"Organization\",\"@id\":\"https:\/\/huelightusa.com\/es\/#organization\",\"name\":\"Hue Light USA\",\"url\":\"https:\/\/huelightusa.com\/es\/\",\"logo\":{\"@type\":\"ImageObject\",\"inLanguage\":\"es\",\"@id\":\"https:\/\/huelightusa.com\/es\/#\/schema\/logo\/image\/\",\"url\":\"https:\/\/huelightusa.com\/wp-content\/uploads\/2024\/04\/HueLightUSA_Logo.png\",\"contentUrl\":\"https:\/\/huelightusa.com\/wp-content\/uploads\/2024\/04\/HueLightUSA_Logo.png\",\"width\":862,\"height\":169,\"caption\":\"Hue Light USA\"},\"image\":{\"@id\":\"https:\/\/huelightusa.com\/es\/#\/schema\/logo\/image\/\"}}]}<\/script>\n<!-- \/ Yoast SEO Premium plugin. -->","yoast_head_json":{"title":"Generador de nanoburbujas de hidr\u00f3geno - HM-Spa 500 | Luz Hue EE.UU.","description":"Experimenta refrescantes ba\u00f1os de hidr\u00f3geno en casa. Nuestro generador de Nanoburbujas de Hidr\u00f3geno transforma los ba\u00f1os en un spa de hidr\u00f3geno hidratante y desintoxicante. Obtenga una cotizaci\u00f3n hoy.","robots":{"index":"index","follow":"follow","max-snippet":"max-snippet:-1","max-image-preview":"max-image-preview:large","max-video-preview":"max-video-preview:-1"},"canonical":"https:\/\/huelightusa.com\/es\/producto\/generador-de-spa-de-hidrogeno-con-nanoburbujas-hm-spa500\/","og_locale":"es_ES","og_type":"article","og_title":"Generador SPA de Hidr\u00f3geno Nanoburbujas HM-Spa 500","og_description":"Experimenta refrescantes ba\u00f1os de hidr\u00f3geno en casa. Nuestro generador de Nanoburbujas de Hidr\u00f3geno transforma los ba\u00f1os en un spa de hidr\u00f3geno hidratante y desintoxicante. Obtenga una cotizaci\u00f3n hoy.","og_url":"https:\/\/huelightusa.com\/es\/producto\/generador-de-spa-de-hidrogeno-con-nanoburbujas-hm-spa500\/","og_site_name":"Hue Light USA","article_modified_time":"2025-03-27T14:06:15+00:00","og_image":[{"width":600,"height":550,"url":"https:\/\/huelightusa.com\/wp-content\/uploads\/2024\/04\/2-3.png","type":"image\/png"}],"twitter_card":"summary_large_image","twitter_misc":{"Est. reading time":"2 minutos"},"schema":{"@context":"https:\/\/schema.org","@graph":[{"@type":"WebPage","@id":"https:\/\/huelightusa.com\/es\/producto\/generador-de-spa-de-hidrogeno-con-nanoburbujas-hm-spa500\/","url":"https:\/\/huelightusa.com\/es\/producto\/generador-de-spa-de-hidrogeno-con-nanoburbujas-hm-spa500\/","name":"Generador de nanoburbujas de hidr\u00f3geno - HM-Spa 500 | Luz Hue EE.UU.","isPartOf":{"@id":"https:\/\/huelightusa.com\/es\/#website"},"primaryImageOfPage":{"@id":"https:\/\/huelightusa.com\/es\/producto\/generador-de-spa-de-hidrogeno-con-nanoburbujas-hm-spa500\/#primaryimage"},"image":{"@id":"https:\/\/huelightusa.com\/es\/producto\/generador-de-spa-de-hidrogeno-con-nanoburbujas-hm-spa500\/#primaryimage"},"thumbnailUrl":"https:\/\/huelightusa.com\/wp-content\/uploads\/2024\/04\/2-3.png","datePublished":"2024-04-18T12:03:50+00:00","dateModified":"2025-03-27T14:06:15+00:00","description":"Experimenta refrescantes ba\u00f1os de hidr\u00f3geno en casa. Nuestro generador de Nanoburbujas de Hidr\u00f3geno transforma los ba\u00f1os en un spa de hidr\u00f3geno hidratante y desintoxicante. Obtenga una cotizaci\u00f3n hoy.","breadcrumb":{"@id":"https:\/\/huelightusa.com\/es\/producto\/generador-de-spa-de-hidrogeno-con-nanoburbujas-hm-spa500\/#breadcrumb"},"inLanguage":"es","potentialAction":[{"@type":"ReadAction","target":["https:\/\/huelightusa.com\/es\/producto\/generador-de-spa-de-hidrogeno-con-nanoburbujas-hm-spa500\/"]}]},{"@type":"ImageObject","inLanguage":"es","@id":"https:\/\/huelightusa.com\/es\/producto\/generador-de-spa-de-hidrogeno-con-nanoburbujas-hm-spa500\/#primaryimage","url":"https:\/\/huelightusa.com\/wp-content\/uploads\/2024\/04\/2-3.png","contentUrl":"https:\/\/huelightusa.com\/wp-content\/uploads\/2024\/04\/2-3.png","width":600,"height":550},{"@type":"BreadcrumbList","@id":"https:\/\/huelightusa.com\/es\/producto\/generador-de-spa-de-hidrogeno-con-nanoburbujas-hm-spa500\/#breadcrumb","itemListElement":[{"@type":"ListItem","position":1,"name":"Home","item":"https:\/\/huelightusa.com\/es\/"},{"@type":"ListItem","position":2,"name":"Productos","item":"https:\/\/huelightusa.com\/products\/"},{"@type":"ListItem","position":3,"name":"Generador SPA de Hidr\u00f3geno Nanoburbujas HM-Spa 500"}]},{"@type":"WebSite","@id":"https:\/\/huelightusa.com\/es\/#website","url":"https:\/\/huelightusa.com\/es\/","name":"Hue Light USA","description":"","publisher":{"@id":"https:\/\/huelightusa.com\/es\/#organization"},"potentialAction":[{"@type":"SearchAction","target":{"@type":"EntryPoint","urlTemplate":"https:\/\/huelightusa.com\/es\/?s={search_term_string}"},"query-input":{"@type":"PropertyValueSpecification","valueRequired":true,"valueName":"search_term_string"}}],"inLanguage":"es"},{"@type":"Organization","@id":"https:\/\/huelightusa.com\/es\/#organization","name":"Hue Light USA","url":"https:\/\/huelightusa.com\/es\/","logo":{"@type":"ImageObject","inLanguage":"es","@id":"https:\/\/huelightusa.com\/es\/#\/schema\/logo\/image\/","url":"https:\/\/huelightusa.com\/wp-content\/uploads\/2024\/04\/HueLightUSA_Logo.png","contentUrl":"https:\/\/huelightusa.com\/wp-content\/uploads\/2024\/04\/HueLightUSA_Logo.png","width":862,"height":169,"caption":"Hue Light USA"},"image":{"@id":"https:\/\/huelightusa.com\/es\/#\/schema\/logo\/image\/"}}]}},"_links":{"self":[{"href":"https:\/\/huelightusa.com\/es\/wp-json\/wp\/v2\/product\/18472","targetHints":{"allow":["GET"]}}],"collection":[{"href":"https:\/\/huelightusa.com\/es\/wp-json\/wp\/v2\/product"}],"about":[{"href":"https:\/\/huelightusa.com\/es\/wp-json\/wp\/v2\/types\/product"}],"replies":[{"embeddable":true,"href":"https:\/\/huelightusa.com\/es\/wp-json\/wp\/v2\/comments?post=18472"}],"wp:featuredmedia":[{"embeddable":true,"href":"https:\/\/huelightusa.com\/es\/wp-json\/wp\/v2\/media\/21519"}],"wp:attachment":[{"href":"https:\/\/huelightusa.com\/es\/wp-json\/wp\/v2\/media?parent=18472"}],"wp:term":[{"taxonomy":"product_brand","embeddable":true,"href":"https:\/\/huelightusa.com\/es\/wp-json\/wp\/v2\/product_brand?post=18472"},{"taxonomy":"product_cat","embeddable":true,"href":"https:\/\/huelightusa.com\/es\/wp-json\/wp\/v2\/product_cat?post=18472"},{"taxonomy":"product_tag","embeddable":true,"href":"https:\/\/huelightusa.com\/es\/wp-json\/wp\/v2\/product_tag?post=18472"}],"curies":[{"name":"wp","href":"https:\/\/api.w.org\/{rel}","templated":true}]}}