{"id":18479,"date":"2024-04-18T12:03:50","date_gmt":"2024-04-18T12:03:50","guid":{"rendered":"https:\/\/huelightusa.com\/product\/irradiador-pbm-para-abdomen\/"},"modified":"2025-03-27T07:29:53","modified_gmt":"2025-03-27T11:29:53","slug":"irradiador-pbm-para-abdomen","status":"publish","type":"product","link":"https:\/\/huelightusa.com\/es\/producto\/irradiador-pbm-para-abdomen\/","title":{"rendered":"Irradiador PBM para abdomen"},"content":{"rendered":"<br \/>\n<h2 class=\"pro-title\">Irradiador de fotobiomodulaci\u00f3n (PBM)<\/h2>\n<h2>Un nuevo est\u00e1ndar en terapia de luz<\/h2>\n<p>Dise\u00f1ado para m\u00faltiples aplicaciones y con un rendimiento de calidad cl\u00ednica, el irradiador PBM de Hue Light USA es m\u00e1s que una esterilla de terapia de luz roja est\u00e1ndar. Esta esterilla de luz roja de silicona incluye de serie m\u00e1s de 500 LED premium que ofrecen una cobertura uniforme con luz infrarroja y cercana al infrarrojo. Adem\u00e1s, los modos de luz programables, las longitudes de onda de 850 nm y 9,40 nm, y el rango de frecuencia permiten a los usuarios optimizar el rendimiento para su uso objetivo.   <\/p>\n<p>Dise\u00f1ado originalmente como un irradiador PBM abdominal, este tapete es extremadamente vers\u00e1til. \u00daselo para aliviar el abdomen, como tapete de fototerapia para el dolor de espalda o como envoltura de fototerapia roja para dolores musculares. <\/p>\n<ul class=\"pro-list\">\n<li><strong>Modos de luz personalizables:<\/strong> elija entre 8 modos de luz (basados \u200b\u200b\u200b\u200ben las frecuencias del Dr. Nogier) para imitar la resonancia celular y brindar una penetraci\u00f3n de luz m\u00e1s profunda.<\/li>\n<li><strong>Potencia de grado m\u00e9dico:<\/strong> equipado con 544 diodos de chip de grado m\u00e9dico, dise\u00f1ados para una cobertura uniforme y un rendimiento duradero.<\/li>\n<li><strong>Comodidad m\u00e1xima:<\/strong> silicona \u00f3ptica m\u00e9dica suave al tacto, ideal para una variedad de aplicaciones de terapia de luz en contacto con la piel.<\/li>\n<li><strong>Longitudes de onda respaldadas por investigaciones:<\/strong> longitudes de onda relajantes de luz infrarroja y cercana respaldadas por la ciencia (850 nm y 940 nm).<\/li>\n<\/ul>\n","protected":false},"excerpt":{"rendered":"<p><span class=\"product-title\">Irradiador PBM para abdomen<\/span><br \/>\nEl irradiador de abdomen PBM, una esterilla de terapia de luz roja, es suave al tacto y flexible, y se puede adherir a cualquier parte del cuerpo para una terapia de luz roja dirigida. Con su amplia superficie, este dispositivo puede proporcionar una dosis de luz curativa y le permite experimentar los beneficios de la fototerapia de fotobiomodulaci\u00f3n (PBM) en cualquier lugar. Al igual que nuestra almohadilla de terapia de luz roja para los senos, este dispositivo PBM presenta 8 modos programables (basados \u200b\u200ben las frecuencias de Nogier), lo que permite a los usuarios optimizar el rendimiento seg\u00fan sus s\u00edntomas.<\/p>\n","protected":false},"featured_media":22536,"comment_status":"closed","ping_status":"closed","template":"","meta":{"_acf_changed":false},"product_brand":[],"product_cat":[205,200],"product_tag":[207,206],"class_list":{"0":"post-18479","1":"product","2":"type-product","3":"status-publish","4":"has-post-thumbnail","6":"product_cat-hogar","7":"product_cat-productos","8":"product_tag-dispositivo-de-terapia-con-laser","9":"product_tag-irradiacion-abdominal","10":"product_shipping_class-irradiador-pbm-para-abdomen","12":"first","13":"instock","14":"shipping-taxable","15":"purchasable","16":"product-type-simple"},"acf":[],"yoast_head":"<!-- This site is optimized with the Yoast SEO Premium plugin v22.8 (Yoast SEO v26.3) - https:\/\/yoast.com\/wordpress\/plugins\/seo\/ -->\n<title>Irradiador PBM para abdomen - Esterilla de terapia de luz roja | Hue Light USA<\/title>\n<meta name=\"description\" content=\"Nuestra estera de terapia de luz roja exclusiva, el irradiador PBM para abdomen, proporciona luz roja e infrarroja cercana. Port\u00e1til, suave, c\u00f3modo con 8 frecuencias PBM.\" \/>\n<meta name=\"robots\" content=\"index, follow, max-snippet:-1, max-image-preview:large, max-video-preview:-1\" \/>\n<link rel=\"canonical\" href=\"https:\/\/huelightusa.com\/es\/producto\/irradiador-pbm-para-abdomen\/\" \/>\n<meta property=\"og:locale\" content=\"es_ES\" \/>\n<meta property=\"og:type\" content=\"article\" \/>\n<meta property=\"og:title\" content=\"Irradiador PBM para abdomen\" \/>\n<meta property=\"og:description\" content=\"Nuestra estera de terapia de luz roja exclusiva, el irradiador PBM para abdomen, proporciona luz roja e infrarroja cercana. Port\u00e1til, suave, c\u00f3modo con 8 frecuencias PBM.\" \/>\n<meta property=\"og:url\" content=\"https:\/\/huelightusa.com\/es\/producto\/irradiador-pbm-para-abdomen\/\" \/>\n<meta property=\"og:site_name\" content=\"Hue Light USA\" \/>\n<meta property=\"article:modified_time\" content=\"2025-03-27T11:29:53+00:00\" \/>\n<meta property=\"og:image\" content=\"https:\/\/huelightusa.com\/wp-content\/uploads\/2025\/03\/abdomen-main-1024x769.png\" \/>\n\t<meta property=\"og:image:width\" content=\"1024\" \/>\n\t<meta property=\"og:image:height\" content=\"769\" \/>\n\t<meta property=\"og:image:type\" content=\"image\/png\" \/>\n<meta name=\"twitter:card\" content=\"summary_large_image\" \/>\n<meta name=\"twitter:label1\" content=\"Est. reading time\" \/>\n\t<meta name=\"twitter:data1\" content=\"2 minutos\" \/>\n<script type=\"application\/ld+json\" class=\"yoast-schema-graph\">{\"@context\":\"https:\/\/schema.org\",\"@graph\":[{\"@type\":\"WebPage\",\"@id\":\"https:\/\/huelightusa.com\/es\/producto\/irradiador-pbm-para-abdomen\/\",\"url\":\"https:\/\/huelightusa.com\/es\/producto\/irradiador-pbm-para-abdomen\/\",\"name\":\"Irradiador PBM para abdomen - Esterilla de terapia de luz roja | Hue Light USA\",\"isPartOf\":{\"@id\":\"https:\/\/huelightusa.com\/es\/#website\"},\"primaryImageOfPage\":{\"@id\":\"https:\/\/huelightusa.com\/es\/producto\/irradiador-pbm-para-abdomen\/#primaryimage\"},\"image\":{\"@id\":\"https:\/\/huelightusa.com\/es\/producto\/irradiador-pbm-para-abdomen\/#primaryimage\"},\"thumbnailUrl\":\"https:\/\/huelightusa.com\/wp-content\/uploads\/2025\/03\/abdomen-main.png\",\"datePublished\":\"2024-04-18T12:03:50+00:00\",\"dateModified\":\"2025-03-27T11:29:53+00:00\",\"description\":\"Nuestra estera de terapia de luz roja exclusiva, el irradiador PBM para abdomen, proporciona luz roja e infrarroja cercana. Port\u00e1til, suave, c\u00f3modo con 8 frecuencias PBM.\",\"breadcrumb\":{\"@id\":\"https:\/\/huelightusa.com\/es\/producto\/irradiador-pbm-para-abdomen\/#breadcrumb\"},\"inLanguage\":\"es\",\"potentialAction\":[{\"@type\":\"ReadAction\",\"target\":[\"https:\/\/huelightusa.com\/es\/producto\/irradiador-pbm-para-abdomen\/\"]}]},{\"@type\":\"ImageObject\",\"inLanguage\":\"es\",\"@id\":\"https:\/\/huelightusa.com\/es\/producto\/irradiador-pbm-para-abdomen\/#primaryimage\",\"url\":\"https:\/\/huelightusa.com\/wp-content\/uploads\/2025\/03\/abdomen-main.png\",\"contentUrl\":\"https:\/\/huelightusa.com\/wp-content\/uploads\/2025\/03\/abdomen-main.png\",\"width\":5536,\"height\":4160},{\"@type\":\"BreadcrumbList\",\"@id\":\"https:\/\/huelightusa.com\/es\/producto\/irradiador-pbm-para-abdomen\/#breadcrumb\",\"itemListElement\":[{\"@type\":\"ListItem\",\"position\":1,\"name\":\"Home\",\"item\":\"https:\/\/huelightusa.com\/es\/\"},{\"@type\":\"ListItem\",\"position\":2,\"name\":\"Productos\",\"item\":\"https:\/\/huelightusa.com\/products\/\"},{\"@type\":\"ListItem\",\"position\":3,\"name\":\"Irradiador PBM para abdomen\"}]},{\"@type\":\"WebSite\",\"@id\":\"https:\/\/huelightusa.com\/es\/#website\",\"url\":\"https:\/\/huelightusa.com\/es\/\",\"name\":\"Hue Light USA\",\"description\":\"\",\"publisher\":{\"@id\":\"https:\/\/huelightusa.com\/es\/#organization\"},\"potentialAction\":[{\"@type\":\"SearchAction\",\"target\":{\"@type\":\"EntryPoint\",\"urlTemplate\":\"https:\/\/huelightusa.com\/es\/?s={search_term_string}\"},\"query-input\":{\"@type\":\"PropertyValueSpecification\",\"valueRequired\":true,\"valueName\":\"search_term_string\"}}],\"inLanguage\":\"es\"},{\"@type\":\"Organization\",\"@id\":\"https:\/\/huelightusa.com\/es\/#organization\",\"name\":\"Hue Light USA\",\"url\":\"https:\/\/huelightusa.com\/es\/\",\"logo\":{\"@type\":\"ImageObject\",\"inLanguage\":\"es\",\"@id\":\"https:\/\/huelightusa.com\/es\/#\/schema\/logo\/image\/\",\"url\":\"https:\/\/huelightusa.com\/wp-content\/uploads\/2024\/04\/HueLightUSA_Logo.png\",\"contentUrl\":\"https:\/\/huelightusa.com\/wp-content\/uploads\/2024\/04\/HueLightUSA_Logo.png\",\"width\":862,\"height\":169,\"caption\":\"Hue Light USA\"},\"image\":{\"@id\":\"https:\/\/huelightusa.com\/es\/#\/schema\/logo\/image\/\"}}]}<\/script>\n<!-- \/ Yoast SEO Premium plugin. -->","yoast_head_json":{"title":"Irradiador PBM para abdomen - Esterilla de terapia de luz roja | Hue Light USA","description":"Nuestra estera de terapia de luz roja exclusiva, el irradiador PBM para abdomen, proporciona luz roja e infrarroja cercana. Port\u00e1til, suave, c\u00f3modo con 8 frecuencias PBM.","robots":{"index":"index","follow":"follow","max-snippet":"max-snippet:-1","max-image-preview":"max-image-preview:large","max-video-preview":"max-video-preview:-1"},"canonical":"https:\/\/huelightusa.com\/es\/producto\/irradiador-pbm-para-abdomen\/","og_locale":"es_ES","og_type":"article","og_title":"Irradiador PBM para abdomen","og_description":"Nuestra estera de terapia de luz roja exclusiva, el irradiador PBM para abdomen, proporciona luz roja e infrarroja cercana. Port\u00e1til, suave, c\u00f3modo con 8 frecuencias PBM.","og_url":"https:\/\/huelightusa.com\/es\/producto\/irradiador-pbm-para-abdomen\/","og_site_name":"Hue Light USA","article_modified_time":"2025-03-27T11:29:53+00:00","og_image":[{"width":1024,"height":769,"url":"https:\/\/huelightusa.com\/wp-content\/uploads\/2025\/03\/abdomen-main-1024x769.png","type":"image\/png"}],"twitter_card":"summary_large_image","twitter_misc":{"Est. reading time":"2 minutos"},"schema":{"@context":"https:\/\/schema.org","@graph":[{"@type":"WebPage","@id":"https:\/\/huelightusa.com\/es\/producto\/irradiador-pbm-para-abdomen\/","url":"https:\/\/huelightusa.com\/es\/producto\/irradiador-pbm-para-abdomen\/","name":"Irradiador PBM para abdomen - Esterilla de terapia de luz roja | Hue Light USA","isPartOf":{"@id":"https:\/\/huelightusa.com\/es\/#website"},"primaryImageOfPage":{"@id":"https:\/\/huelightusa.com\/es\/producto\/irradiador-pbm-para-abdomen\/#primaryimage"},"image":{"@id":"https:\/\/huelightusa.com\/es\/producto\/irradiador-pbm-para-abdomen\/#primaryimage"},"thumbnailUrl":"https:\/\/huelightusa.com\/wp-content\/uploads\/2025\/03\/abdomen-main.png","datePublished":"2024-04-18T12:03:50+00:00","dateModified":"2025-03-27T11:29:53+00:00","description":"Nuestra estera de terapia de luz roja exclusiva, el irradiador PBM para abdomen, proporciona luz roja e infrarroja cercana. Port\u00e1til, suave, c\u00f3modo con 8 frecuencias PBM.","breadcrumb":{"@id":"https:\/\/huelightusa.com\/es\/producto\/irradiador-pbm-para-abdomen\/#breadcrumb"},"inLanguage":"es","potentialAction":[{"@type":"ReadAction","target":["https:\/\/huelightusa.com\/es\/producto\/irradiador-pbm-para-abdomen\/"]}]},{"@type":"ImageObject","inLanguage":"es","@id":"https:\/\/huelightusa.com\/es\/producto\/irradiador-pbm-para-abdomen\/#primaryimage","url":"https:\/\/huelightusa.com\/wp-content\/uploads\/2025\/03\/abdomen-main.png","contentUrl":"https:\/\/huelightusa.com\/wp-content\/uploads\/2025\/03\/abdomen-main.png","width":5536,"height":4160},{"@type":"BreadcrumbList","@id":"https:\/\/huelightusa.com\/es\/producto\/irradiador-pbm-para-abdomen\/#breadcrumb","itemListElement":[{"@type":"ListItem","position":1,"name":"Home","item":"https:\/\/huelightusa.com\/es\/"},{"@type":"ListItem","position":2,"name":"Productos","item":"https:\/\/huelightusa.com\/products\/"},{"@type":"ListItem","position":3,"name":"Irradiador PBM para abdomen"}]},{"@type":"WebSite","@id":"https:\/\/huelightusa.com\/es\/#website","url":"https:\/\/huelightusa.com\/es\/","name":"Hue Light USA","description":"","publisher":{"@id":"https:\/\/huelightusa.com\/es\/#organization"},"potentialAction":[{"@type":"SearchAction","target":{"@type":"EntryPoint","urlTemplate":"https:\/\/huelightusa.com\/es\/?s={search_term_string}"},"query-input":{"@type":"PropertyValueSpecification","valueRequired":true,"valueName":"search_term_string"}}],"inLanguage":"es"},{"@type":"Organization","@id":"https:\/\/huelightusa.com\/es\/#organization","name":"Hue Light USA","url":"https:\/\/huelightusa.com\/es\/","logo":{"@type":"ImageObject","inLanguage":"es","@id":"https:\/\/huelightusa.com\/es\/#\/schema\/logo\/image\/","url":"https:\/\/huelightusa.com\/wp-content\/uploads\/2024\/04\/HueLightUSA_Logo.png","contentUrl":"https:\/\/huelightusa.com\/wp-content\/uploads\/2024\/04\/HueLightUSA_Logo.png","width":862,"height":169,"caption":"Hue Light USA"},"image":{"@id":"https:\/\/huelightusa.com\/es\/#\/schema\/logo\/image\/"}}]}},"_links":{"self":[{"href":"https:\/\/huelightusa.com\/es\/wp-json\/wp\/v2\/product\/18479","targetHints":{"allow":["GET"]}}],"collection":[{"href":"https:\/\/huelightusa.com\/es\/wp-json\/wp\/v2\/product"}],"about":[{"href":"https:\/\/huelightusa.com\/es\/wp-json\/wp\/v2\/types\/product"}],"replies":[{"embeddable":true,"href":"https:\/\/huelightusa.com\/es\/wp-json\/wp\/v2\/comments?post=18479"}],"wp:featuredmedia":[{"embeddable":true,"href":"https:\/\/huelightusa.com\/es\/wp-json\/wp\/v2\/media\/22536"}],"wp:attachment":[{"href":"https:\/\/huelightusa.com\/es\/wp-json\/wp\/v2\/media?parent=18479"}],"wp:term":[{"taxonomy":"product_brand","embeddable":true,"href":"https:\/\/huelightusa.com\/es\/wp-json\/wp\/v2\/product_brand?post=18479"},{"taxonomy":"product_cat","embeddable":true,"href":"https:\/\/huelightusa.com\/es\/wp-json\/wp\/v2\/product_cat?post=18479"},{"taxonomy":"product_tag","embeddable":true,"href":"https:\/\/huelightusa.com\/es\/wp-json\/wp\/v2\/product_tag?post=18479"}],"curies":[{"name":"wp","href":"https:\/\/api.w.org\/{rel}","templated":true}]}}