{"id":18483,"date":"2024-04-18T12:03:50","date_gmt":"2024-04-18T12:03:50","guid":{"rendered":"https:\/\/huelightusa.com\/product\/dispositivo-de-vibracion-sonix-sonicwave\/"},"modified":"2025-03-27T08:03:01","modified_gmt":"2025-03-27T12:03:01","slug":"dispositivo-de-vibracion-sonix-sonicwave","status":"publish","type":"product","link":"https:\/\/huelightusa.com\/es\/producto\/dispositivo-de-vibracion-sonix-sonicwave\/","title":{"rendered":"Dispositivo de vibraci\u00f3n Sonix Sonicwave"},"content":{"rendered":"<h2 class=\"pro-title\">Dispositivo de vibraci\u00f3n Sonix Sonicwave<\/h2>\n<h2>\u00a1Haz un entrenamiento de una hora completa en s\u00f3lo 10 minutos!<\/h2>\n<p>Sonix es una revolucionaria m\u00e1quina de vibraci\u00f3n s\u00f3nica que aprovecha la tecnolog\u00eda avanzada de ondas s\u00f3nicas para ofrecer un entrenamiento potente pero suave para todo el cuerpo. A diferencia de las m\u00e1quinas tradicionales de vibraci\u00f3n para todo el cuerpo que dependen de motores, Sonix Sonicwave utiliza energ\u00eda sonora para un funcionamiento m\u00e1s silencioso y vibraciones m\u00e1s espec\u00edficas. <\/p>\n<p>La plataforma vibratoria Sonix ofrece una gama completa de frecuencias para el bienestar de todo el cuerpo:<\/p>\n<ul class=\"pro-list\">\n<li>Seleccione frecuencias de vibraci\u00f3n de <b>3 a 25<\/b> Hz para promover la circulaci\u00f3n, el drenaje linf\u00e1tico, la recuperaci\u00f3n y el calentamiento. O frecuencias m\u00e1s altas <b>(25-70 Hz<\/b>) para mejorar la fuerza y flexibilidad muscular. <\/li>\n<li><b>Consigue un entrenamiento integral en menos tiempo.<\/b> La m\u00e1quina de vibraci\u00f3n Sonix activa grupos de m\u00fasculos dif\u00edciles de alcanzar, promoviendo el desarrollo de fuerza, flexibilidad y equilibrio. S\u00f3lo 10 minutos de ejercicio con vibraci\u00f3n tienen los mismos efectos que un entrenamiento de 1 hora.  <\/li>\n<li>De bajo impacto y suave para las articulaciones, la plataforma vibratoria para todo el cuerpo Sonix ofrece un enfoque m\u00e1s completo para la terapia de vibraci\u00f3n <b>(rango de frecuencia m\u00e1s amplio + m\u00e1s ajustes de intensidad)<\/b>.<\/li>\n<\/ul>\n","protected":false},"excerpt":{"rendered":"<p><span class=\"product-title\">Sonix Sonicwave Vibration Device<\/span><br \/>\nThe Sonix Sonicwave Vibration Machine provides a low-impact, workout-like experience that can improve gait and support post-operative rehab. La m\u00e1quina genera energ\u00eda de ondas s\u00f3nicas que viaja por todo el cuerpo. Utilice Sonix en la primera etapa de la <a href=\"https:\/\/staging.huelightusa.com\/es\/terapia-bahi\/\">Terapia BAHI<\/a>. Durante la Fase 1, la terapia de vibraci\u00f3n ayuda a movilizar los gl\u00f3bulos rojos, lo que ayuda a maximizar la eficacia de los tratamientos BAHI. <\/p>\n","protected":false},"featured_media":21311,"comment_status":"closed","ping_status":"closed","template":"","meta":{"_acf_changed":false},"product_brand":[],"product_cat":[205,200],"product_tag":[],"class_list":{"0":"post-18483","1":"product","2":"type-product","3":"status-publish","4":"has-post-thumbnail","6":"product_cat-hogar","7":"product_cat-productos","8":"product_shipping_class-h-1200-h-2000-sonix-nanobubble-spa-zone-wise-es","10":"first","11":"instock","12":"sale","13":"shipping-taxable","14":"purchasable","15":"product-type-variable","16":"has-default-attributes"},"acf":[],"yoast_head":"<!-- This site is optimized with the Yoast SEO Premium plugin v22.8 (Yoast SEO v26.3) - https:\/\/yoast.com\/wordpress\/plugins\/seo\/ -->\n<title>M\u00e1quina de vibraci\u00f3n Sonix - Sonix Sonicwave | Luz Hue EE. UU.<\/title>\n<meta name=\"description\" content=\"Nuestra m\u00e1quina de vibraci\u00f3n Sonix ofrece curaci\u00f3n vibratoria de todo el cuerpo. Utilice Sonix Sonicwave para aliviar el dolor muscular, aumentar la densidad \u00f3sea y m\u00e1s.\" \/>\n<meta name=\"robots\" content=\"index, follow, max-snippet:-1, max-image-preview:large, max-video-preview:-1\" \/>\n<link rel=\"canonical\" href=\"https:\/\/huelightusa.com\/es\/producto\/dispositivo-de-vibracion-sonix-sonicwave\/\" \/>\n<meta property=\"og:locale\" content=\"es_ES\" \/>\n<meta property=\"og:type\" content=\"article\" \/>\n<meta property=\"og:title\" content=\"Dispositivo de vibraci\u00f3n Sonix Sonicwave\" \/>\n<meta property=\"og:description\" content=\"Nuestra m\u00e1quina de vibraci\u00f3n Sonix ofrece curaci\u00f3n vibratoria de todo el cuerpo. Utilice Sonix Sonicwave para aliviar el dolor muscular, aumentar la densidad \u00f3sea y m\u00e1s.\" \/>\n<meta property=\"og:url\" content=\"https:\/\/huelightusa.com\/es\/producto\/dispositivo-de-vibracion-sonix-sonicwave\/\" \/>\n<meta property=\"og:site_name\" content=\"Hue Light USA\" \/>\n<meta property=\"article:modified_time\" content=\"2025-03-27T12:03:01+00:00\" \/>\n<meta property=\"og:image\" content=\"https:\/\/huelightusa.com\/wp-content\/uploads\/2024\/04\/sonix-sonicwave-vibration-device-1.png\" \/>\n\t<meta property=\"og:image:width\" content=\"600\" \/>\n\t<meta property=\"og:image:height\" content=\"550\" \/>\n\t<meta property=\"og:image:type\" content=\"image\/png\" \/>\n<meta name=\"twitter:card\" content=\"summary_large_image\" \/>\n<meta name=\"twitter:label1\" content=\"Est. reading time\" \/>\n\t<meta name=\"twitter:data1\" content=\"2 minutos\" \/>\n<script type=\"application\/ld+json\" class=\"yoast-schema-graph\">{\"@context\":\"https:\/\/schema.org\",\"@graph\":[{\"@type\":\"WebPage\",\"@id\":\"https:\/\/huelightusa.com\/es\/producto\/dispositivo-de-vibracion-sonix-sonicwave\/\",\"url\":\"https:\/\/huelightusa.com\/es\/producto\/dispositivo-de-vibracion-sonix-sonicwave\/\",\"name\":\"M\u00e1quina de vibraci\u00f3n Sonix - Sonix Sonicwave | Luz Hue EE. UU.\",\"isPartOf\":{\"@id\":\"https:\/\/huelightusa.com\/es\/#website\"},\"primaryImageOfPage\":{\"@id\":\"https:\/\/huelightusa.com\/es\/producto\/dispositivo-de-vibracion-sonix-sonicwave\/#primaryimage\"},\"image\":{\"@id\":\"https:\/\/huelightusa.com\/es\/producto\/dispositivo-de-vibracion-sonix-sonicwave\/#primaryimage\"},\"thumbnailUrl\":\"https:\/\/huelightusa.com\/wp-content\/uploads\/2024\/04\/sonix-sonicwave-vibration-device-1.png\",\"datePublished\":\"2024-04-18T12:03:50+00:00\",\"dateModified\":\"2025-03-27T12:03:01+00:00\",\"description\":\"Nuestra m\u00e1quina de vibraci\u00f3n Sonix ofrece curaci\u00f3n vibratoria de todo el cuerpo. Utilice Sonix Sonicwave para aliviar el dolor muscular, aumentar la densidad \u00f3sea y m\u00e1s.\",\"breadcrumb\":{\"@id\":\"https:\/\/huelightusa.com\/es\/producto\/dispositivo-de-vibracion-sonix-sonicwave\/#breadcrumb\"},\"inLanguage\":\"es\",\"potentialAction\":[{\"@type\":\"ReadAction\",\"target\":[\"https:\/\/huelightusa.com\/es\/producto\/dispositivo-de-vibracion-sonix-sonicwave\/\"]}]},{\"@type\":\"ImageObject\",\"inLanguage\":\"es\",\"@id\":\"https:\/\/huelightusa.com\/es\/producto\/dispositivo-de-vibracion-sonix-sonicwave\/#primaryimage\",\"url\":\"https:\/\/huelightusa.com\/wp-content\/uploads\/2024\/04\/sonix-sonicwave-vibration-device-1.png\",\"contentUrl\":\"https:\/\/huelightusa.com\/wp-content\/uploads\/2024\/04\/sonix-sonicwave-vibration-device-1.png\",\"width\":600,\"height\":550},{\"@type\":\"BreadcrumbList\",\"@id\":\"https:\/\/huelightusa.com\/es\/producto\/dispositivo-de-vibracion-sonix-sonicwave\/#breadcrumb\",\"itemListElement\":[{\"@type\":\"ListItem\",\"position\":1,\"name\":\"Home\",\"item\":\"https:\/\/huelightusa.com\/es\/\"},{\"@type\":\"ListItem\",\"position\":2,\"name\":\"Productos\",\"item\":\"https:\/\/huelightusa.com\/products\/\"},{\"@type\":\"ListItem\",\"position\":3,\"name\":\"Dispositivo de vibraci\u00f3n Sonix Sonicwave\"}]},{\"@type\":\"WebSite\",\"@id\":\"https:\/\/huelightusa.com\/es\/#website\",\"url\":\"https:\/\/huelightusa.com\/es\/\",\"name\":\"Hue Light USA\",\"description\":\"\",\"publisher\":{\"@id\":\"https:\/\/huelightusa.com\/es\/#organization\"},\"potentialAction\":[{\"@type\":\"SearchAction\",\"target\":{\"@type\":\"EntryPoint\",\"urlTemplate\":\"https:\/\/huelightusa.com\/es\/?s={search_term_string}\"},\"query-input\":{\"@type\":\"PropertyValueSpecification\",\"valueRequired\":true,\"valueName\":\"search_term_string\"}}],\"inLanguage\":\"es\"},{\"@type\":\"Organization\",\"@id\":\"https:\/\/huelightusa.com\/es\/#organization\",\"name\":\"Hue Light USA\",\"url\":\"https:\/\/huelightusa.com\/es\/\",\"logo\":{\"@type\":\"ImageObject\",\"inLanguage\":\"es\",\"@id\":\"https:\/\/huelightusa.com\/es\/#\/schema\/logo\/image\/\",\"url\":\"https:\/\/huelightusa.com\/wp-content\/uploads\/2024\/04\/HueLightUSA_Logo.png\",\"contentUrl\":\"https:\/\/huelightusa.com\/wp-content\/uploads\/2024\/04\/HueLightUSA_Logo.png\",\"width\":862,\"height\":169,\"caption\":\"Hue Light USA\"},\"image\":{\"@id\":\"https:\/\/huelightusa.com\/es\/#\/schema\/logo\/image\/\"}}]}<\/script>\n<!-- \/ Yoast SEO Premium plugin. -->","yoast_head_json":{"title":"M\u00e1quina de vibraci\u00f3n Sonix - Sonix Sonicwave | Luz Hue EE. UU.","description":"Nuestra m\u00e1quina de vibraci\u00f3n Sonix ofrece curaci\u00f3n vibratoria de todo el cuerpo. Utilice Sonix Sonicwave para aliviar el dolor muscular, aumentar la densidad \u00f3sea y m\u00e1s.","robots":{"index":"index","follow":"follow","max-snippet":"max-snippet:-1","max-image-preview":"max-image-preview:large","max-video-preview":"max-video-preview:-1"},"canonical":"https:\/\/huelightusa.com\/es\/producto\/dispositivo-de-vibracion-sonix-sonicwave\/","og_locale":"es_ES","og_type":"article","og_title":"Dispositivo de vibraci\u00f3n Sonix Sonicwave","og_description":"Nuestra m\u00e1quina de vibraci\u00f3n Sonix ofrece curaci\u00f3n vibratoria de todo el cuerpo. Utilice Sonix Sonicwave para aliviar el dolor muscular, aumentar la densidad \u00f3sea y m\u00e1s.","og_url":"https:\/\/huelightusa.com\/es\/producto\/dispositivo-de-vibracion-sonix-sonicwave\/","og_site_name":"Hue Light USA","article_modified_time":"2025-03-27T12:03:01+00:00","og_image":[{"width":600,"height":550,"url":"https:\/\/huelightusa.com\/wp-content\/uploads\/2024\/04\/sonix-sonicwave-vibration-device-1.png","type":"image\/png"}],"twitter_card":"summary_large_image","twitter_misc":{"Est. reading time":"2 minutos"},"schema":{"@context":"https:\/\/schema.org","@graph":[{"@type":"WebPage","@id":"https:\/\/huelightusa.com\/es\/producto\/dispositivo-de-vibracion-sonix-sonicwave\/","url":"https:\/\/huelightusa.com\/es\/producto\/dispositivo-de-vibracion-sonix-sonicwave\/","name":"M\u00e1quina de vibraci\u00f3n Sonix - Sonix Sonicwave | Luz Hue EE. UU.","isPartOf":{"@id":"https:\/\/huelightusa.com\/es\/#website"},"primaryImageOfPage":{"@id":"https:\/\/huelightusa.com\/es\/producto\/dispositivo-de-vibracion-sonix-sonicwave\/#primaryimage"},"image":{"@id":"https:\/\/huelightusa.com\/es\/producto\/dispositivo-de-vibracion-sonix-sonicwave\/#primaryimage"},"thumbnailUrl":"https:\/\/huelightusa.com\/wp-content\/uploads\/2024\/04\/sonix-sonicwave-vibration-device-1.png","datePublished":"2024-04-18T12:03:50+00:00","dateModified":"2025-03-27T12:03:01+00:00","description":"Nuestra m\u00e1quina de vibraci\u00f3n Sonix ofrece curaci\u00f3n vibratoria de todo el cuerpo. Utilice Sonix Sonicwave para aliviar el dolor muscular, aumentar la densidad \u00f3sea y m\u00e1s.","breadcrumb":{"@id":"https:\/\/huelightusa.com\/es\/producto\/dispositivo-de-vibracion-sonix-sonicwave\/#breadcrumb"},"inLanguage":"es","potentialAction":[{"@type":"ReadAction","target":["https:\/\/huelightusa.com\/es\/producto\/dispositivo-de-vibracion-sonix-sonicwave\/"]}]},{"@type":"ImageObject","inLanguage":"es","@id":"https:\/\/huelightusa.com\/es\/producto\/dispositivo-de-vibracion-sonix-sonicwave\/#primaryimage","url":"https:\/\/huelightusa.com\/wp-content\/uploads\/2024\/04\/sonix-sonicwave-vibration-device-1.png","contentUrl":"https:\/\/huelightusa.com\/wp-content\/uploads\/2024\/04\/sonix-sonicwave-vibration-device-1.png","width":600,"height":550},{"@type":"BreadcrumbList","@id":"https:\/\/huelightusa.com\/es\/producto\/dispositivo-de-vibracion-sonix-sonicwave\/#breadcrumb","itemListElement":[{"@type":"ListItem","position":1,"name":"Home","item":"https:\/\/huelightusa.com\/es\/"},{"@type":"ListItem","position":2,"name":"Productos","item":"https:\/\/huelightusa.com\/products\/"},{"@type":"ListItem","position":3,"name":"Dispositivo de vibraci\u00f3n Sonix Sonicwave"}]},{"@type":"WebSite","@id":"https:\/\/huelightusa.com\/es\/#website","url":"https:\/\/huelightusa.com\/es\/","name":"Hue Light USA","description":"","publisher":{"@id":"https:\/\/huelightusa.com\/es\/#organization"},"potentialAction":[{"@type":"SearchAction","target":{"@type":"EntryPoint","urlTemplate":"https:\/\/huelightusa.com\/es\/?s={search_term_string}"},"query-input":{"@type":"PropertyValueSpecification","valueRequired":true,"valueName":"search_term_string"}}],"inLanguage":"es"},{"@type":"Organization","@id":"https:\/\/huelightusa.com\/es\/#organization","name":"Hue Light USA","url":"https:\/\/huelightusa.com\/es\/","logo":{"@type":"ImageObject","inLanguage":"es","@id":"https:\/\/huelightusa.com\/es\/#\/schema\/logo\/image\/","url":"https:\/\/huelightusa.com\/wp-content\/uploads\/2024\/04\/HueLightUSA_Logo.png","contentUrl":"https:\/\/huelightusa.com\/wp-content\/uploads\/2024\/04\/HueLightUSA_Logo.png","width":862,"height":169,"caption":"Hue Light USA"},"image":{"@id":"https:\/\/huelightusa.com\/es\/#\/schema\/logo\/image\/"}}]}},"_links":{"self":[{"href":"https:\/\/huelightusa.com\/es\/wp-json\/wp\/v2\/product\/18483","targetHints":{"allow":["GET"]}}],"collection":[{"href":"https:\/\/huelightusa.com\/es\/wp-json\/wp\/v2\/product"}],"about":[{"href":"https:\/\/huelightusa.com\/es\/wp-json\/wp\/v2\/types\/product"}],"replies":[{"embeddable":true,"href":"https:\/\/huelightusa.com\/es\/wp-json\/wp\/v2\/comments?post=18483"}],"wp:featuredmedia":[{"embeddable":true,"href":"https:\/\/huelightusa.com\/es\/wp-json\/wp\/v2\/media\/21311"}],"wp:attachment":[{"href":"https:\/\/huelightusa.com\/es\/wp-json\/wp\/v2\/media?parent=18483"}],"wp:term":[{"taxonomy":"product_brand","embeddable":true,"href":"https:\/\/huelightusa.com\/es\/wp-json\/wp\/v2\/product_brand?post=18483"},{"taxonomy":"product_cat","embeddable":true,"href":"https:\/\/huelightusa.com\/es\/wp-json\/wp\/v2\/product_cat?post=18483"},{"taxonomy":"product_tag","embeddable":true,"href":"https:\/\/huelightusa.com\/es\/wp-json\/wp\/v2\/product_tag?post=18483"}],"curies":[{"name":"wp","href":"https:\/\/api.w.org\/{rel}","templated":true}]}}