{"id":18487,"date":"2024-04-18T12:03:50","date_gmt":"2024-04-18T16:03:50","guid":{"rendered":"https:\/\/huelightusa.com\/product\/dispositivo-de-energia-espacial\/"},"modified":"2025-06-09T07:51:36","modified_gmt":"2025-06-09T11:51:36","slug":"dispositivo-de-energia-espacial","status":"publish","type":"product","link":"https:\/\/huelightusa.com\/es\/producto\/dispositivo-de-energia-espacial\/","title":{"rendered":"Dispositivo de energ\u00eda espacial"},"content":{"rendered":"<br \/>\n<h2 class=\"pro-title\">Dispositivo de energ\u00eda espacial<\/h2>\n<h2>Despierta la armon\u00eda con la energ\u00eda espacial<\/h2>\n<p>Aprovechando el poder de la geometr\u00eda, el Dispositivo de Energ\u00eda Espacial se cohesiona y emite energ\u00eda magn\u00e9tica no electr\u00f3nica casi nula. Seg\u00fan la NASA, esta energ\u00eda, llamada energ\u00eda espacial o escalar, constituye el 96 % de nuestro entorno. Esta forma de energ\u00eda, predominante pero sutil, permea el universo y tiene el poder de influir profundamente en nuestro bienestar f\u00edsico, mental y emocional.   <\/p>\n<p>El Dispositivo de Energ\u00eda Espacial busca equilibrar el espacio que nos rodea ajustando el flujo de energ\u00eda y la materia en \u00e9l. Esta sanaci\u00f3n cu\u00e1ntica puede favorecer el bienestar hol\u00edstico, la energ\u00eda f\u00edsica y fomentar un santuario de calma y bienestar. <\/p>\n<ul class=\"pro-list\">\n<li><b>Equilibra tu espacio:<\/b> el dispositivo re\u00fane, equilibra y emite energ\u00eda escalar para ayudarte a sentirte m\u00e1s a gusto en tu entorno.<\/li>\n<li><b>Sanaci\u00f3n cu\u00e1ntica hol\u00edstica:<\/b> las longitudes de onda equilibradas emitidas por el dispositivo reducen la tensi\u00f3n y se alinean naturalmente con su cuerpo.<\/li>\n<li><b>Aprovechar la energ\u00eda:<\/b> un entorno equilibrado sustenta a todos los organismos vivos, desde las plantas hasta los animales.<\/li>\n<li><b>Refresca tu entorno:<\/b> nuestro dispositivo de curaci\u00f3n escalar recoge y altera sutilmente la energ\u00eda oscura, eliminando las impurezas para limpiar y revitalizar tu espacio.<\/li>\n<\/ul>\n","protected":false},"excerpt":{"rendered":"<p><span class=\"product-title\">Dispositivo de energ\u00eda espacial<\/span><br \/>\nCon su placa de estructura geom\u00e9trica constante, este llamativo dispositivo de terapia de luz Hue es capaz de cohesionarse y emitir energ\u00eda con su placa de estructura geom\u00e9trica constante. Esta energ\u00eda magn\u00e9tica no electr\u00f3nica, cercana a cero, que difiere de la energ\u00eda el\u00e9ctrica, ayuda a la actividad in vivo a trav\u00e9s del movimiento giratorio (remolino). Esta energ\u00eda ayuda a equilibrar los microorganismos ajustando el flujo de energ\u00eda y la materia dentro del espacio. Esta energ\u00eda desconocida se ha denominado energ\u00eda escalar, energ\u00eda del punto cero y energ\u00eda del vac\u00edo.<\/p>\n","protected":false},"featured_media":22675,"comment_status":"closed","ping_status":"closed","template":"","meta":{"_acf_changed":false},"product_brand":[],"product_cat":[205,200],"product_tag":[],"class_list":{"0":"post-18487","1":"product","2":"type-product","3":"status-publish","4":"has-post-thumbnail","6":"product_cat-hogar","7":"product_cat-productos","8":"product_shipping_class-energia-espacial","10":"first","11":"instock","12":"sale","13":"shipping-taxable","14":"purchasable","15":"product-type-simple"},"acf":[],"yoast_head":"<!-- This site is optimized with the Yoast SEO Premium plugin v22.8 (Yoast SEO v26.3) - https:\/\/yoast.com\/wordpress\/plugins\/seo\/ -->\n<title>Dispositivo de energ\u00eda espacial - Dispositivo de energ\u00eda escalar | Luz Hue EE.UU.<\/title>\n<meta name=\"description\" content=\"Lleve el poder de la energ\u00eda escalar a su hogar con nuestro dispositivo de energ\u00eda espacial. Obtenga m\u00e1s informaci\u00f3n sobre el producto y sus beneficios para los usuarios y su entorno.\" \/>\n<meta name=\"robots\" content=\"index, follow, max-snippet:-1, max-image-preview:large, max-video-preview:-1\" \/>\n<link rel=\"canonical\" href=\"https:\/\/huelightusa.com\/es\/producto\/dispositivo-de-energia-espacial\/\" \/>\n<meta property=\"og:locale\" content=\"es_ES\" \/>\n<meta property=\"og:type\" content=\"article\" \/>\n<meta property=\"og:title\" content=\"Dispositivo de energ\u00eda espacial\" \/>\n<meta property=\"og:description\" content=\"Lleve el poder de la energ\u00eda escalar a su hogar con nuestro dispositivo de energ\u00eda espacial. Obtenga m\u00e1s informaci\u00f3n sobre el producto y sus beneficios para los usuarios y su entorno.\" \/>\n<meta property=\"og:url\" content=\"https:\/\/huelightusa.com\/es\/producto\/dispositivo-de-energia-espacial\/\" \/>\n<meta property=\"og:site_name\" content=\"Hue Light USA\" \/>\n<meta property=\"article:modified_time\" content=\"2025-06-09T11:51:36+00:00\" \/>\n<meta property=\"og:image\" content=\"https:\/\/huelightusa.com\/wp-content\/uploads\/2025\/03\/2.png\" \/>\n\t<meta property=\"og:image:width\" content=\"600\" \/>\n\t<meta property=\"og:image:height\" content=\"500\" \/>\n\t<meta property=\"og:image:type\" content=\"image\/png\" \/>\n<meta name=\"twitter:card\" content=\"summary_large_image\" \/>\n<meta name=\"twitter:label1\" content=\"Est. reading time\" \/>\n\t<meta name=\"twitter:data1\" content=\"2 minutos\" \/>\n<script type=\"application\/ld+json\" class=\"yoast-schema-graph\">{\"@context\":\"https:\/\/schema.org\",\"@graph\":[{\"@type\":\"WebPage\",\"@id\":\"https:\/\/huelightusa.com\/es\/producto\/dispositivo-de-energia-espacial\/\",\"url\":\"https:\/\/huelightusa.com\/es\/producto\/dispositivo-de-energia-espacial\/\",\"name\":\"Dispositivo de energ\u00eda espacial - Dispositivo de energ\u00eda escalar | Luz Hue EE.UU.\",\"isPartOf\":{\"@id\":\"https:\/\/huelightusa.com\/es\/#website\"},\"primaryImageOfPage\":{\"@id\":\"https:\/\/huelightusa.com\/es\/producto\/dispositivo-de-energia-espacial\/#primaryimage\"},\"image\":{\"@id\":\"https:\/\/huelightusa.com\/es\/producto\/dispositivo-de-energia-espacial\/#primaryimage\"},\"thumbnailUrl\":\"https:\/\/huelightusa.com\/wp-content\/uploads\/2025\/03\/2.png\",\"datePublished\":\"2024-04-18T16:03:50+00:00\",\"dateModified\":\"2025-06-09T11:51:36+00:00\",\"description\":\"Lleve el poder de la energ\u00eda escalar a su hogar con nuestro dispositivo de energ\u00eda espacial. Obtenga m\u00e1s informaci\u00f3n sobre el producto y sus beneficios para los usuarios y su entorno.\",\"breadcrumb\":{\"@id\":\"https:\/\/huelightusa.com\/es\/producto\/dispositivo-de-energia-espacial\/#breadcrumb\"},\"inLanguage\":\"es\",\"potentialAction\":[{\"@type\":\"ReadAction\",\"target\":[\"https:\/\/huelightusa.com\/es\/producto\/dispositivo-de-energia-espacial\/\"]}]},{\"@type\":\"ImageObject\",\"inLanguage\":\"es\",\"@id\":\"https:\/\/huelightusa.com\/es\/producto\/dispositivo-de-energia-espacial\/#primaryimage\",\"url\":\"https:\/\/huelightusa.com\/wp-content\/uploads\/2025\/03\/2.png\",\"contentUrl\":\"https:\/\/huelightusa.com\/wp-content\/uploads\/2025\/03\/2.png\",\"width\":600,\"height\":500},{\"@type\":\"BreadcrumbList\",\"@id\":\"https:\/\/huelightusa.com\/es\/producto\/dispositivo-de-energia-espacial\/#breadcrumb\",\"itemListElement\":[{\"@type\":\"ListItem\",\"position\":1,\"name\":\"Home\",\"item\":\"https:\/\/huelightusa.com\/es\/\"},{\"@type\":\"ListItem\",\"position\":2,\"name\":\"Productos\",\"item\":\"https:\/\/huelightusa.com\/products\/\"},{\"@type\":\"ListItem\",\"position\":3,\"name\":\"Dispositivo de energ\u00eda espacial\"}]},{\"@type\":\"WebSite\",\"@id\":\"https:\/\/huelightusa.com\/es\/#website\",\"url\":\"https:\/\/huelightusa.com\/es\/\",\"name\":\"Hue Light USA\",\"description\":\"\",\"publisher\":{\"@id\":\"https:\/\/huelightusa.com\/es\/#organization\"},\"potentialAction\":[{\"@type\":\"SearchAction\",\"target\":{\"@type\":\"EntryPoint\",\"urlTemplate\":\"https:\/\/huelightusa.com\/es\/?s={search_term_string}\"},\"query-input\":{\"@type\":\"PropertyValueSpecification\",\"valueRequired\":true,\"valueName\":\"search_term_string\"}}],\"inLanguage\":\"es\"},{\"@type\":\"Organization\",\"@id\":\"https:\/\/huelightusa.com\/es\/#organization\",\"name\":\"Hue Light USA\",\"url\":\"https:\/\/huelightusa.com\/es\/\",\"logo\":{\"@type\":\"ImageObject\",\"inLanguage\":\"es\",\"@id\":\"https:\/\/huelightusa.com\/es\/#\/schema\/logo\/image\/\",\"url\":\"https:\/\/huelightusa.com\/wp-content\/uploads\/2024\/04\/HueLightUSA_Logo.png\",\"contentUrl\":\"https:\/\/huelightusa.com\/wp-content\/uploads\/2024\/04\/HueLightUSA_Logo.png\",\"width\":862,\"height\":169,\"caption\":\"Hue Light USA\"},\"image\":{\"@id\":\"https:\/\/huelightusa.com\/es\/#\/schema\/logo\/image\/\"}}]}<\/script>\n<!-- \/ Yoast SEO Premium plugin. -->","yoast_head_json":{"title":"Dispositivo de energ\u00eda espacial - Dispositivo de energ\u00eda escalar | Luz Hue EE.UU.","description":"Lleve el poder de la energ\u00eda escalar a su hogar con nuestro dispositivo de energ\u00eda espacial. Obtenga m\u00e1s informaci\u00f3n sobre el producto y sus beneficios para los usuarios y su entorno.","robots":{"index":"index","follow":"follow","max-snippet":"max-snippet:-1","max-image-preview":"max-image-preview:large","max-video-preview":"max-video-preview:-1"},"canonical":"https:\/\/huelightusa.com\/es\/producto\/dispositivo-de-energia-espacial\/","og_locale":"es_ES","og_type":"article","og_title":"Dispositivo de energ\u00eda espacial","og_description":"Lleve el poder de la energ\u00eda escalar a su hogar con nuestro dispositivo de energ\u00eda espacial. Obtenga m\u00e1s informaci\u00f3n sobre el producto y sus beneficios para los usuarios y su entorno.","og_url":"https:\/\/huelightusa.com\/es\/producto\/dispositivo-de-energia-espacial\/","og_site_name":"Hue Light USA","article_modified_time":"2025-06-09T11:51:36+00:00","og_image":[{"width":600,"height":500,"url":"https:\/\/huelightusa.com\/wp-content\/uploads\/2025\/03\/2.png","type":"image\/png"}],"twitter_card":"summary_large_image","twitter_misc":{"Est. reading time":"2 minutos"},"schema":{"@context":"https:\/\/schema.org","@graph":[{"@type":"WebPage","@id":"https:\/\/huelightusa.com\/es\/producto\/dispositivo-de-energia-espacial\/","url":"https:\/\/huelightusa.com\/es\/producto\/dispositivo-de-energia-espacial\/","name":"Dispositivo de energ\u00eda espacial - Dispositivo de energ\u00eda escalar | Luz Hue EE.UU.","isPartOf":{"@id":"https:\/\/huelightusa.com\/es\/#website"},"primaryImageOfPage":{"@id":"https:\/\/huelightusa.com\/es\/producto\/dispositivo-de-energia-espacial\/#primaryimage"},"image":{"@id":"https:\/\/huelightusa.com\/es\/producto\/dispositivo-de-energia-espacial\/#primaryimage"},"thumbnailUrl":"https:\/\/huelightusa.com\/wp-content\/uploads\/2025\/03\/2.png","datePublished":"2024-04-18T16:03:50+00:00","dateModified":"2025-06-09T11:51:36+00:00","description":"Lleve el poder de la energ\u00eda escalar a su hogar con nuestro dispositivo de energ\u00eda espacial. Obtenga m\u00e1s informaci\u00f3n sobre el producto y sus beneficios para los usuarios y su entorno.","breadcrumb":{"@id":"https:\/\/huelightusa.com\/es\/producto\/dispositivo-de-energia-espacial\/#breadcrumb"},"inLanguage":"es","potentialAction":[{"@type":"ReadAction","target":["https:\/\/huelightusa.com\/es\/producto\/dispositivo-de-energia-espacial\/"]}]},{"@type":"ImageObject","inLanguage":"es","@id":"https:\/\/huelightusa.com\/es\/producto\/dispositivo-de-energia-espacial\/#primaryimage","url":"https:\/\/huelightusa.com\/wp-content\/uploads\/2025\/03\/2.png","contentUrl":"https:\/\/huelightusa.com\/wp-content\/uploads\/2025\/03\/2.png","width":600,"height":500},{"@type":"BreadcrumbList","@id":"https:\/\/huelightusa.com\/es\/producto\/dispositivo-de-energia-espacial\/#breadcrumb","itemListElement":[{"@type":"ListItem","position":1,"name":"Home","item":"https:\/\/huelightusa.com\/es\/"},{"@type":"ListItem","position":2,"name":"Productos","item":"https:\/\/huelightusa.com\/products\/"},{"@type":"ListItem","position":3,"name":"Dispositivo de energ\u00eda espacial"}]},{"@type":"WebSite","@id":"https:\/\/huelightusa.com\/es\/#website","url":"https:\/\/huelightusa.com\/es\/","name":"Hue Light USA","description":"","publisher":{"@id":"https:\/\/huelightusa.com\/es\/#organization"},"potentialAction":[{"@type":"SearchAction","target":{"@type":"EntryPoint","urlTemplate":"https:\/\/huelightusa.com\/es\/?s={search_term_string}"},"query-input":{"@type":"PropertyValueSpecification","valueRequired":true,"valueName":"search_term_string"}}],"inLanguage":"es"},{"@type":"Organization","@id":"https:\/\/huelightusa.com\/es\/#organization","name":"Hue Light USA","url":"https:\/\/huelightusa.com\/es\/","logo":{"@type":"ImageObject","inLanguage":"es","@id":"https:\/\/huelightusa.com\/es\/#\/schema\/logo\/image\/","url":"https:\/\/huelightusa.com\/wp-content\/uploads\/2024\/04\/HueLightUSA_Logo.png","contentUrl":"https:\/\/huelightusa.com\/wp-content\/uploads\/2024\/04\/HueLightUSA_Logo.png","width":862,"height":169,"caption":"Hue Light USA"},"image":{"@id":"https:\/\/huelightusa.com\/es\/#\/schema\/logo\/image\/"}}]}},"_links":{"self":[{"href":"https:\/\/huelightusa.com\/es\/wp-json\/wp\/v2\/product\/18487","targetHints":{"allow":["GET"]}}],"collection":[{"href":"https:\/\/huelightusa.com\/es\/wp-json\/wp\/v2\/product"}],"about":[{"href":"https:\/\/huelightusa.com\/es\/wp-json\/wp\/v2\/types\/product"}],"replies":[{"embeddable":true,"href":"https:\/\/huelightusa.com\/es\/wp-json\/wp\/v2\/comments?post=18487"}],"wp:featuredmedia":[{"embeddable":true,"href":"https:\/\/huelightusa.com\/es\/wp-json\/wp\/v2\/media\/22675"}],"wp:attachment":[{"href":"https:\/\/huelightusa.com\/es\/wp-json\/wp\/v2\/media?parent=18487"}],"wp:term":[{"taxonomy":"product_brand","embeddable":true,"href":"https:\/\/huelightusa.com\/es\/wp-json\/wp\/v2\/product_brand?post=18487"},{"taxonomy":"product_cat","embeddable":true,"href":"https:\/\/huelightusa.com\/es\/wp-json\/wp\/v2\/product_cat?post=18487"},{"taxonomy":"product_tag","embeddable":true,"href":"https:\/\/huelightusa.com\/es\/wp-json\/wp\/v2\/product_tag?post=18487"}],"curies":[{"name":"wp","href":"https:\/\/api.w.org\/{rel}","templated":true}]}}