{"id":18488,"date":"2024-04-18T12:03:50","date_gmt":"2024-04-18T12:03:50","guid":{"rendered":"https:\/\/huelightusa.com\/product\/irradiador-pbm-de-mama\/"},"modified":"2025-04-01T06:42:36","modified_gmt":"2025-04-01T10:42:36","slug":"irradiador-pbm-de-mama","status":"publish","type":"product","link":"https:\/\/huelightusa.com\/es\/producto\/irradiador-pbm-de-mama\/","title":{"rendered":"Irradiador PBM de mama"},"content":{"rendered":"<br \/>\n<h2 class=\"pro-title\">Almohadilla de terapia de luz roja para el pecho <\/h2>\n<h2>La comodidad se une a la tecnolog\u00eda avanzada<\/h2>\n<p>El irradiador Breast PBM, una almohadilla de terapia de luz roja de vanguardia dise\u00f1ada para la comodidad, proporciona una terapia de luz especializada. Equipado con 8 frecuencias programables de luz roja e infrarroja cercana, el Breast PBM emite energ\u00eda lum\u00ednica que penetra profundamente en la linfa y los tejidos mamarios para aliviar, reducir el dolor y estimular la circulaci\u00f3n. <\/p>\n<p>El Breast PBM ofrece apoyo para una variedad de condiciones relacionadas con la salud y el dolor, incluido el dolor de mama relacionado con los cambios hormonales, la lactancia materna y\/o los efectos secundarios del tratamiento del c\u00e1ncer de mama. <\/p>\n<ul class=\"pro-list\">\n<li><strong>Modos de luz personalizables:<\/strong> elija entre 8 modos de luz (basados \u200b\u200b\u200b\u200ben las frecuencias del Dr. Nogier) para imitar la resonancia celular y brindar una penetraci\u00f3n de luz m\u00e1s profunda.<\/li>\n<li><strong>Longitudes de onda respaldadas por investigaciones:<\/strong> longitudes de onda relajantes de luz infrarroja y cercana respaldadas por la ciencia (850 nm y 940 nm).<\/li>\n<li><strong>Potencia de grado m\u00e9dico:<\/strong> equipado con 368 diodos de chip de grado m\u00e9dico, dise\u00f1ados para una cobertura uniforme y un rendimiento duradero.<\/li>\n<li><strong>Comodidad m\u00e1xima:<\/strong> silicona \u00f3ptica m\u00e9dica suave al tacto, dise\u00f1ada para envolver c\u00f3modamente el pecho y la axila. <\/li>\n<\/ul>\n","protected":false},"excerpt":{"rendered":"<p><span class=\"product-title\">Irradiador de mama PBM &#8211; Nuevo modelo mejorado<br \/>\n<\/span>Dise\u00f1ado para m\u00e1xima comodidad, nuestro parche de terapia de luz roja PBM para mama ayuda a aliviar el dolor y revitalizar los ganglios linf\u00e1ticos. Equipado con luz roja e infrarroja cercana, este dispositivo funciona para entregar energ\u00eda luminosa que penetra profundamente en los ganglios linf\u00e1ticos (debajo del brazo) y los m\u00fasculos de los senos. Var\u00ede el pulso de luz seg\u00fan las frecuencias de Nogier para optimizar la salida de sus s\u00edntomas. <\/p>\n","protected":false},"featured_media":22297,"comment_status":"closed","ping_status":"closed","template":"","meta":{"_acf_changed":false},"product_brand":[],"product_cat":[205,200],"product_tag":[218,219],"class_list":{"0":"post-18488","1":"product","2":"type-product","3":"status-publish","4":"has-post-thumbnail","6":"product_cat-hogar","7":"product_cat-productos","8":"product_tag-irradiacion-mamaria-parcial-acelerada","9":"product_tag-radioterapia-para-el-cancer-de-mama","10":"product_shipping_class-irradiador-pbm-de-mama","12":"first","13":"instock","14":"shipping-taxable","15":"purchasable","16":"product-type-simple"},"acf":[],"yoast_head":"<!-- This site is optimized with the Yoast SEO Premium plugin v22.8 (Yoast SEO v26.3) - https:\/\/yoast.com\/wordpress\/plugins\/seo\/ -->\n<title>Irradiador PBM para senos - Almohadilla de terapia de luz roja | Luz Hue EE. UU.<\/title>\n<meta name=\"description\" content=\"El irradiador de senos PBM, nuestra almohadilla de terapia con luz roja para los senos, ofrece una terapia de luz relajante para el dolor y la inflamaci\u00f3n de los senos, los s\u00edntomas del s\u00edndrome premenstrual y m\u00e1s.\" \/>\n<meta name=\"robots\" content=\"index, follow, max-snippet:-1, max-image-preview:large, max-video-preview:-1\" \/>\n<link rel=\"canonical\" href=\"https:\/\/huelightusa.com\/es\/producto\/irradiador-pbm-de-mama\/\" \/>\n<meta property=\"og:locale\" content=\"es_ES\" \/>\n<meta property=\"og:type\" content=\"article\" \/>\n<meta property=\"og:title\" content=\"Irradiador PBM de mama\" \/>\n<meta property=\"og:description\" content=\"El irradiador de senos PBM, nuestra almohadilla de terapia con luz roja para los senos, ofrece una terapia de luz relajante para el dolor y la inflamaci\u00f3n de los senos, los s\u00edntomas del s\u00edndrome premenstrual y m\u00e1s.\" \/>\n<meta property=\"og:url\" content=\"https:\/\/huelightusa.com\/es\/producto\/irradiador-pbm-de-mama\/\" \/>\n<meta property=\"og:site_name\" content=\"Hue Light USA\" \/>\n<meta property=\"article:modified_time\" content=\"2025-04-01T10:42:36+00:00\" \/>\n<meta property=\"og:image\" content=\"https:\/\/huelightusa.com\/wp-content\/uploads\/2024\/04\/P1.png\" \/>\n\t<meta property=\"og:image:width\" content=\"4762\" \/>\n\t<meta property=\"og:image:height\" content=\"3175\" \/>\n\t<meta property=\"og:image:type\" content=\"image\/png\" \/>\n<meta name=\"twitter:card\" content=\"summary_large_image\" \/>\n<meta name=\"twitter:label1\" content=\"Est. reading time\" \/>\n\t<meta name=\"twitter:data1\" content=\"2 minutos\" \/>\n<script type=\"application\/ld+json\" class=\"yoast-schema-graph\">{\"@context\":\"https:\/\/schema.org\",\"@graph\":[{\"@type\":\"WebPage\",\"@id\":\"https:\/\/huelightusa.com\/es\/producto\/irradiador-pbm-de-mama\/\",\"url\":\"https:\/\/huelightusa.com\/es\/producto\/irradiador-pbm-de-mama\/\",\"name\":\"Irradiador PBM para senos - Almohadilla de terapia de luz roja | Luz Hue EE. UU.\",\"isPartOf\":{\"@id\":\"https:\/\/huelightusa.com\/es\/#website\"},\"primaryImageOfPage\":{\"@id\":\"https:\/\/huelightusa.com\/es\/producto\/irradiador-pbm-de-mama\/#primaryimage\"},\"image\":{\"@id\":\"https:\/\/huelightusa.com\/es\/producto\/irradiador-pbm-de-mama\/#primaryimage\"},\"thumbnailUrl\":\"https:\/\/huelightusa.com\/wp-content\/uploads\/2024\/04\/P1.png\",\"datePublished\":\"2024-04-18T12:03:50+00:00\",\"dateModified\":\"2025-04-01T10:42:36+00:00\",\"description\":\"El irradiador de senos PBM, nuestra almohadilla de terapia con luz roja para los senos, ofrece una terapia de luz relajante para el dolor y la inflamaci\u00f3n de los senos, los s\u00edntomas del s\u00edndrome premenstrual y m\u00e1s.\",\"breadcrumb\":{\"@id\":\"https:\/\/huelightusa.com\/es\/producto\/irradiador-pbm-de-mama\/#breadcrumb\"},\"inLanguage\":\"es\",\"potentialAction\":[{\"@type\":\"ReadAction\",\"target\":[\"https:\/\/huelightusa.com\/es\/producto\/irradiador-pbm-de-mama\/\"]}]},{\"@type\":\"ImageObject\",\"inLanguage\":\"es\",\"@id\":\"https:\/\/huelightusa.com\/es\/producto\/irradiador-pbm-de-mama\/#primaryimage\",\"url\":\"https:\/\/huelightusa.com\/wp-content\/uploads\/2024\/04\/P1.png\",\"contentUrl\":\"https:\/\/huelightusa.com\/wp-content\/uploads\/2024\/04\/P1.png\",\"width\":4762,\"height\":3175},{\"@type\":\"BreadcrumbList\",\"@id\":\"https:\/\/huelightusa.com\/es\/producto\/irradiador-pbm-de-mama\/#breadcrumb\",\"itemListElement\":[{\"@type\":\"ListItem\",\"position\":1,\"name\":\"Home\",\"item\":\"https:\/\/huelightusa.com\/es\/\"},{\"@type\":\"ListItem\",\"position\":2,\"name\":\"Productos\",\"item\":\"https:\/\/huelightusa.com\/products\/\"},{\"@type\":\"ListItem\",\"position\":3,\"name\":\"Irradiador PBM de mama\"}]},{\"@type\":\"WebSite\",\"@id\":\"https:\/\/huelightusa.com\/es\/#website\",\"url\":\"https:\/\/huelightusa.com\/es\/\",\"name\":\"Hue Light USA\",\"description\":\"\",\"publisher\":{\"@id\":\"https:\/\/huelightusa.com\/es\/#organization\"},\"potentialAction\":[{\"@type\":\"SearchAction\",\"target\":{\"@type\":\"EntryPoint\",\"urlTemplate\":\"https:\/\/huelightusa.com\/es\/?s={search_term_string}\"},\"query-input\":{\"@type\":\"PropertyValueSpecification\",\"valueRequired\":true,\"valueName\":\"search_term_string\"}}],\"inLanguage\":\"es\"},{\"@type\":\"Organization\",\"@id\":\"https:\/\/huelightusa.com\/es\/#organization\",\"name\":\"Hue Light USA\",\"url\":\"https:\/\/huelightusa.com\/es\/\",\"logo\":{\"@type\":\"ImageObject\",\"inLanguage\":\"es\",\"@id\":\"https:\/\/huelightusa.com\/es\/#\/schema\/logo\/image\/\",\"url\":\"https:\/\/huelightusa.com\/wp-content\/uploads\/2024\/04\/HueLightUSA_Logo.png\",\"contentUrl\":\"https:\/\/huelightusa.com\/wp-content\/uploads\/2024\/04\/HueLightUSA_Logo.png\",\"width\":862,\"height\":169,\"caption\":\"Hue Light USA\"},\"image\":{\"@id\":\"https:\/\/huelightusa.com\/es\/#\/schema\/logo\/image\/\"}}]}<\/script>\n<!-- \/ Yoast SEO Premium plugin. -->","yoast_head_json":{"title":"Irradiador PBM para senos - Almohadilla de terapia de luz roja | Luz Hue EE. UU.","description":"El irradiador de senos PBM, nuestra almohadilla de terapia con luz roja para los senos, ofrece una terapia de luz relajante para el dolor y la inflamaci\u00f3n de los senos, los s\u00edntomas del s\u00edndrome premenstrual y m\u00e1s.","robots":{"index":"index","follow":"follow","max-snippet":"max-snippet:-1","max-image-preview":"max-image-preview:large","max-video-preview":"max-video-preview:-1"},"canonical":"https:\/\/huelightusa.com\/es\/producto\/irradiador-pbm-de-mama\/","og_locale":"es_ES","og_type":"article","og_title":"Irradiador PBM de mama","og_description":"El irradiador de senos PBM, nuestra almohadilla de terapia con luz roja para los senos, ofrece una terapia de luz relajante para el dolor y la inflamaci\u00f3n de los senos, los s\u00edntomas del s\u00edndrome premenstrual y m\u00e1s.","og_url":"https:\/\/huelightusa.com\/es\/producto\/irradiador-pbm-de-mama\/","og_site_name":"Hue Light USA","article_modified_time":"2025-04-01T10:42:36+00:00","og_image":[{"width":4762,"height":3175,"url":"https:\/\/huelightusa.com\/wp-content\/uploads\/2024\/04\/P1.png","type":"image\/png"}],"twitter_card":"summary_large_image","twitter_misc":{"Est. reading time":"2 minutos"},"schema":{"@context":"https:\/\/schema.org","@graph":[{"@type":"WebPage","@id":"https:\/\/huelightusa.com\/es\/producto\/irradiador-pbm-de-mama\/","url":"https:\/\/huelightusa.com\/es\/producto\/irradiador-pbm-de-mama\/","name":"Irradiador PBM para senos - Almohadilla de terapia de luz roja | Luz Hue EE. UU.","isPartOf":{"@id":"https:\/\/huelightusa.com\/es\/#website"},"primaryImageOfPage":{"@id":"https:\/\/huelightusa.com\/es\/producto\/irradiador-pbm-de-mama\/#primaryimage"},"image":{"@id":"https:\/\/huelightusa.com\/es\/producto\/irradiador-pbm-de-mama\/#primaryimage"},"thumbnailUrl":"https:\/\/huelightusa.com\/wp-content\/uploads\/2024\/04\/P1.png","datePublished":"2024-04-18T12:03:50+00:00","dateModified":"2025-04-01T10:42:36+00:00","description":"El irradiador de senos PBM, nuestra almohadilla de terapia con luz roja para los senos, ofrece una terapia de luz relajante para el dolor y la inflamaci\u00f3n de los senos, los s\u00edntomas del s\u00edndrome premenstrual y m\u00e1s.","breadcrumb":{"@id":"https:\/\/huelightusa.com\/es\/producto\/irradiador-pbm-de-mama\/#breadcrumb"},"inLanguage":"es","potentialAction":[{"@type":"ReadAction","target":["https:\/\/huelightusa.com\/es\/producto\/irradiador-pbm-de-mama\/"]}]},{"@type":"ImageObject","inLanguage":"es","@id":"https:\/\/huelightusa.com\/es\/producto\/irradiador-pbm-de-mama\/#primaryimage","url":"https:\/\/huelightusa.com\/wp-content\/uploads\/2024\/04\/P1.png","contentUrl":"https:\/\/huelightusa.com\/wp-content\/uploads\/2024\/04\/P1.png","width":4762,"height":3175},{"@type":"BreadcrumbList","@id":"https:\/\/huelightusa.com\/es\/producto\/irradiador-pbm-de-mama\/#breadcrumb","itemListElement":[{"@type":"ListItem","position":1,"name":"Home","item":"https:\/\/huelightusa.com\/es\/"},{"@type":"ListItem","position":2,"name":"Productos","item":"https:\/\/huelightusa.com\/products\/"},{"@type":"ListItem","position":3,"name":"Irradiador PBM de mama"}]},{"@type":"WebSite","@id":"https:\/\/huelightusa.com\/es\/#website","url":"https:\/\/huelightusa.com\/es\/","name":"Hue Light USA","description":"","publisher":{"@id":"https:\/\/huelightusa.com\/es\/#organization"},"potentialAction":[{"@type":"SearchAction","target":{"@type":"EntryPoint","urlTemplate":"https:\/\/huelightusa.com\/es\/?s={search_term_string}"},"query-input":{"@type":"PropertyValueSpecification","valueRequired":true,"valueName":"search_term_string"}}],"inLanguage":"es"},{"@type":"Organization","@id":"https:\/\/huelightusa.com\/es\/#organization","name":"Hue Light USA","url":"https:\/\/huelightusa.com\/es\/","logo":{"@type":"ImageObject","inLanguage":"es","@id":"https:\/\/huelightusa.com\/es\/#\/schema\/logo\/image\/","url":"https:\/\/huelightusa.com\/wp-content\/uploads\/2024\/04\/HueLightUSA_Logo.png","contentUrl":"https:\/\/huelightusa.com\/wp-content\/uploads\/2024\/04\/HueLightUSA_Logo.png","width":862,"height":169,"caption":"Hue Light USA"},"image":{"@id":"https:\/\/huelightusa.com\/es\/#\/schema\/logo\/image\/"}}]}},"_links":{"self":[{"href":"https:\/\/huelightusa.com\/es\/wp-json\/wp\/v2\/product\/18488","targetHints":{"allow":["GET"]}}],"collection":[{"href":"https:\/\/huelightusa.com\/es\/wp-json\/wp\/v2\/product"}],"about":[{"href":"https:\/\/huelightusa.com\/es\/wp-json\/wp\/v2\/types\/product"}],"replies":[{"embeddable":true,"href":"https:\/\/huelightusa.com\/es\/wp-json\/wp\/v2\/comments?post=18488"}],"wp:featuredmedia":[{"embeddable":true,"href":"https:\/\/huelightusa.com\/es\/wp-json\/wp\/v2\/media\/22297"}],"wp:attachment":[{"href":"https:\/\/huelightusa.com\/es\/wp-json\/wp\/v2\/media?parent=18488"}],"wp:term":[{"taxonomy":"product_brand","embeddable":true,"href":"https:\/\/huelightusa.com\/es\/wp-json\/wp\/v2\/product_brand?post=18488"},{"taxonomy":"product_cat","embeddable":true,"href":"https:\/\/huelightusa.com\/es\/wp-json\/wp\/v2\/product_cat?post=18488"},{"taxonomy":"product_tag","embeddable":true,"href":"https:\/\/huelightusa.com\/es\/wp-json\/wp\/v2\/product_tag?post=18488"}],"curies":[{"name":"wp","href":"https:\/\/api.w.org\/{rel}","templated":true}]}}