{"id":19540,"date":"2024-06-07T13:21:28","date_gmt":"2024-06-07T17:21:28","guid":{"rendered":"https:\/\/huelightusa.com\/product\/dispositivo-de-inhalacion-de-hidrogeno-molecular-h-1200\/"},"modified":"2024-10-29T02:30:45","modified_gmt":"2024-10-29T06:30:45","slug":"dispositivo-de-inhalacion-de-hidrogeno-molecular-h-1200","status":"publish","type":"product","link":"https:\/\/huelightusa.com\/es\/producto\/dispositivo-de-inhalacion-de-hidrogeno-molecular-h-1200\/","title":{"rendered":"Dispositivo de inhalaci\u00f3n de hidr\u00f3geno molecular (H-1200)"},"content":{"rendered":"<h2>\u00bfQu\u00e9 es la terapia de inhalaci\u00f3n de hidr\u00f3geno molecular?<\/h2>\n<p>El gas hidr\u00f3geno es la mol\u00e9cula m\u00e1s peque\u00f1a y puede penetrar f\u00e1cilmente todos los tejidos, incluida la barrera hematoencef\u00e1lica. Se han observado propiedades terap\u00e9uticas y preventivas de la terapia de inhalaci\u00f3n de hidr\u00f3geno para afecciones que afectan diversas \u00e1reas, incluidos el h\u00edgado, el p\u00e1ncreas, los pulmones, el cerebro y el coraz\u00f3n. El H2 puede tener propiedades antiinflamatorias y antiapopt\u00f3ticas y media el estr\u00e9s oxidativo. El gas hidr\u00f3geno se puede inhalar utilizando una m\u00e1quina inhaladora de hidr\u00f3geno.<\/p>\n<p>En la <a href=\"https:\/\/staging.huelightusa.com\/es\/terapia-de-hidrogeno-molecular-que-es-y-cuales-son-los-beneficios\/\">terapia de inhalaci\u00f3n de hidr\u00f3geno<\/a>, el hidr\u00f3geno molecular se entrega a los pulmones y al cuerpo. Este poderoso antioxidante est\u00e1 destinado a ayudar a proteger las c\u00e9lulas y los genes del da\u00f1o de los radicales libres. Nuestra m\u00e1quina de inhalaci\u00f3n de hidr\u00f3geno molecular utiliza agua esterilizada y puede usarse en su hogar, una cl\u00ednica o para uso comercial. This device has a very low voltage and power consumption, yet it can run for up to 7 hours continuously.<\/p>\n<p><a style=\"color: #bb8e54; font-size: 18px; display: inline-block; margin-top: 20px;\" href=\"https:\/\/huelightusa.com\/es\/recursos-citados\/\" target=\"_blank\" rel=\"noopener\"><b>Recursos citados<\/b><\/a><\/p>\n","protected":false},"excerpt":{"rendered":"<h2>Dispositivo de inhalaci\u00f3n de hidr\u00f3geno molecular (H-1200)<\/h2>\n<p>Experimente el poder del hidr\u00f3geno molecular (H2) con nuestra m\u00e1quina de terapia de inhalaci\u00f3n de hidr\u00f3geno molecular (H-1200). La terapia H2, la mol\u00e9cula antioxidante y antiinflamatoria m\u00e1s potente jam\u00e1s descubierta, ofrece numerosos beneficios para la salud y potencialmente puede tratar afecciones cr\u00f3nicas y agudas.<\/p>\n<p>Solo 10 minutos de inhalaci\u00f3n de hidr\u00f3geno = 12 toneladas de ingesta de agua con hidr\u00f3geno. El uso de esta m\u00e1quina de terapia de inhalaci\u00f3n de hidr\u00f3geno puede tener como objetivo ayudar a equilibrar el sistema inmunol\u00f3gico neutralizando los radicales libres, generalmente generados por el estr\u00e9s oxidativo, y convirti\u00e9ndolos en agua. En la segunda fase de nuestro <a href=\"https:\/\/staging.huelightusa.com\/es\/terapia-bahi\/\">protocolo de Terapia BAHI<\/a>, la terapia de inhalaci\u00f3n de hidr\u00f3geno molecular se puede utilizar para administrar hidr\u00f3geno curativo al cuerpo.<\/p>\n","protected":false},"featured_media":18150,"comment_status":"closed","ping_status":"closed","template":"","meta":{"_acf_changed":false},"product_brand":[],"product_cat":[205,200],"product_tag":[],"class_list":{"0":"post-19540","1":"product","2":"type-product","3":"status-publish","4":"has-post-thumbnail","6":"product_cat-hogar","7":"product_cat-productos","9":"first","10":"instock","11":"shipping-taxable","12":"purchasable","13":"product-type-simple"},"acf":[],"yoast_head":"<!-- This site is optimized with the Yoast SEO Premium plugin v22.8 (Yoast SEO v26.3) - https:\/\/yoast.com\/wordpress\/plugins\/seo\/ -->\n<title>Dispositivo de inhalaci\u00f3n de hidr\u00f3geno molecular - Inhalador H2 | Luz Hue EE. UU.<\/title>\n<meta name=\"description\" content=\"Compre nuestra m\u00e1quina de inhalaci\u00f3n de hidr\u00f3geno molecular, la H-1200. Ideal para uso dom\u00e9stico o comercial; Entrega 887 cc de gas hidr\u00f3geno por minuto. Obtenga una cotizaci\u00f3n hoy.\" \/>\n<meta name=\"robots\" content=\"index, follow, max-snippet:-1, max-image-preview:large, max-video-preview:-1\" \/>\n<link rel=\"canonical\" href=\"https:\/\/huelightusa.com\/es\/producto\/dispositivo-de-inhalacion-de-hidrogeno-molecular-h-1200\/\" \/>\n<meta property=\"og:locale\" content=\"es_ES\" \/>\n<meta property=\"og:type\" content=\"article\" \/>\n<meta property=\"og:title\" content=\"Dispositivo de inhalaci\u00f3n de hidr\u00f3geno molecular (H-1200)\" \/>\n<meta property=\"og:description\" content=\"Compre nuestra m\u00e1quina de inhalaci\u00f3n de hidr\u00f3geno molecular, la H-1200. Ideal para uso dom\u00e9stico o comercial; Entrega 887 cc de gas hidr\u00f3geno por minuto. Obtenga una cotizaci\u00f3n hoy.\" \/>\n<meta property=\"og:url\" content=\"https:\/\/huelightusa.com\/es\/producto\/dispositivo-de-inhalacion-de-hidrogeno-molecular-h-1200\/\" \/>\n<meta property=\"og:site_name\" content=\"Hue Light USA\" \/>\n<meta property=\"article:modified_time\" content=\"2024-10-29T06:30:45+00:00\" \/>\n<meta property=\"og:image\" content=\"https:\/\/huelightusa.com\/wp-content\/uploads\/2024\/05\/MolecularHydrogenInhalationDevice-768x908-1.webp\" \/>\n\t<meta property=\"og:image:width\" content=\"768\" \/>\n\t<meta property=\"og:image:height\" content=\"908\" \/>\n\t<meta property=\"og:image:type\" content=\"image\/webp\" \/>\n<meta name=\"twitter:card\" content=\"summary_large_image\" \/>\n<meta name=\"twitter:label1\" content=\"Est. reading time\" \/>\n\t<meta name=\"twitter:data1\" content=\"1 minuto\" \/>\n<script type=\"application\/ld+json\" class=\"yoast-schema-graph\">{\"@context\":\"https:\/\/schema.org\",\"@graph\":[{\"@type\":\"WebPage\",\"@id\":\"https:\/\/huelightusa.com\/es\/producto\/dispositivo-de-inhalacion-de-hidrogeno-molecular-h-1200\/\",\"url\":\"https:\/\/huelightusa.com\/es\/producto\/dispositivo-de-inhalacion-de-hidrogeno-molecular-h-1200\/\",\"name\":\"Dispositivo de inhalaci\u00f3n de hidr\u00f3geno molecular - Inhalador H2 | Luz Hue EE. UU.\",\"isPartOf\":{\"@id\":\"https:\/\/huelightusa.com\/es\/#website\"},\"primaryImageOfPage\":{\"@id\":\"https:\/\/huelightusa.com\/es\/producto\/dispositivo-de-inhalacion-de-hidrogeno-molecular-h-1200\/#primaryimage\"},\"image\":{\"@id\":\"https:\/\/huelightusa.com\/es\/producto\/dispositivo-de-inhalacion-de-hidrogeno-molecular-h-1200\/#primaryimage\"},\"thumbnailUrl\":\"https:\/\/huelightusa.com\/wp-content\/uploads\/2024\/05\/MolecularHydrogenInhalationDevice-768x908-1.webp\",\"datePublished\":\"2024-06-07T17:21:28+00:00\",\"dateModified\":\"2024-10-29T06:30:45+00:00\",\"description\":\"Compre nuestra m\u00e1quina de inhalaci\u00f3n de hidr\u00f3geno molecular, la H-1200. Ideal para uso dom\u00e9stico o comercial; Entrega 887 cc de gas hidr\u00f3geno por minuto. Obtenga una cotizaci\u00f3n hoy.\",\"breadcrumb\":{\"@id\":\"https:\/\/huelightusa.com\/es\/producto\/dispositivo-de-inhalacion-de-hidrogeno-molecular-h-1200\/#breadcrumb\"},\"inLanguage\":\"es\",\"potentialAction\":[{\"@type\":\"ReadAction\",\"target\":[\"https:\/\/huelightusa.com\/es\/producto\/dispositivo-de-inhalacion-de-hidrogeno-molecular-h-1200\/\"]}]},{\"@type\":\"ImageObject\",\"inLanguage\":\"es\",\"@id\":\"https:\/\/huelightusa.com\/es\/producto\/dispositivo-de-inhalacion-de-hidrogeno-molecular-h-1200\/#primaryimage\",\"url\":\"https:\/\/huelightusa.com\/wp-content\/uploads\/2024\/05\/MolecularHydrogenInhalationDevice-768x908-1.webp\",\"contentUrl\":\"https:\/\/huelightusa.com\/wp-content\/uploads\/2024\/05\/MolecularHydrogenInhalationDevice-768x908-1.webp\",\"width\":768,\"height\":908},{\"@type\":\"BreadcrumbList\",\"@id\":\"https:\/\/huelightusa.com\/es\/producto\/dispositivo-de-inhalacion-de-hidrogeno-molecular-h-1200\/#breadcrumb\",\"itemListElement\":[{\"@type\":\"ListItem\",\"position\":1,\"name\":\"Home\",\"item\":\"https:\/\/huelightusa.com\/es\/\"},{\"@type\":\"ListItem\",\"position\":2,\"name\":\"Productos\",\"item\":\"https:\/\/huelightusa.com\/products\/\"},{\"@type\":\"ListItem\",\"position\":3,\"name\":\"Dispositivo de inhalaci\u00f3n de hidr\u00f3geno molecular (H-1200)\"}]},{\"@type\":\"WebSite\",\"@id\":\"https:\/\/huelightusa.com\/es\/#website\",\"url\":\"https:\/\/huelightusa.com\/es\/\",\"name\":\"Hue Light USA\",\"description\":\"\",\"publisher\":{\"@id\":\"https:\/\/huelightusa.com\/es\/#organization\"},\"potentialAction\":[{\"@type\":\"SearchAction\",\"target\":{\"@type\":\"EntryPoint\",\"urlTemplate\":\"https:\/\/huelightusa.com\/es\/?s={search_term_string}\"},\"query-input\":{\"@type\":\"PropertyValueSpecification\",\"valueRequired\":true,\"valueName\":\"search_term_string\"}}],\"inLanguage\":\"es\"},{\"@type\":\"Organization\",\"@id\":\"https:\/\/huelightusa.com\/es\/#organization\",\"name\":\"Hue Light USA\",\"url\":\"https:\/\/huelightusa.com\/es\/\",\"logo\":{\"@type\":\"ImageObject\",\"inLanguage\":\"es\",\"@id\":\"https:\/\/huelightusa.com\/es\/#\/schema\/logo\/image\/\",\"url\":\"https:\/\/huelightusa.com\/wp-content\/uploads\/2024\/04\/HueLightUSA_Logo.png\",\"contentUrl\":\"https:\/\/huelightusa.com\/wp-content\/uploads\/2024\/04\/HueLightUSA_Logo.png\",\"width\":862,\"height\":169,\"caption\":\"Hue Light USA\"},\"image\":{\"@id\":\"https:\/\/huelightusa.com\/es\/#\/schema\/logo\/image\/\"}}]}<\/script>\n<!-- \/ Yoast SEO Premium plugin. -->","yoast_head_json":{"title":"Dispositivo de inhalaci\u00f3n de hidr\u00f3geno molecular - Inhalador H2 | Luz Hue EE. UU.","description":"Compre nuestra m\u00e1quina de inhalaci\u00f3n de hidr\u00f3geno molecular, la H-1200. Ideal para uso dom\u00e9stico o comercial; Entrega 887 cc de gas hidr\u00f3geno por minuto. Obtenga una cotizaci\u00f3n hoy.","robots":{"index":"index","follow":"follow","max-snippet":"max-snippet:-1","max-image-preview":"max-image-preview:large","max-video-preview":"max-video-preview:-1"},"canonical":"https:\/\/huelightusa.com\/es\/producto\/dispositivo-de-inhalacion-de-hidrogeno-molecular-h-1200\/","og_locale":"es_ES","og_type":"article","og_title":"Dispositivo de inhalaci\u00f3n de hidr\u00f3geno molecular (H-1200)","og_description":"Compre nuestra m\u00e1quina de inhalaci\u00f3n de hidr\u00f3geno molecular, la H-1200. Ideal para uso dom\u00e9stico o comercial; Entrega 887 cc de gas hidr\u00f3geno por minuto. Obtenga una cotizaci\u00f3n hoy.","og_url":"https:\/\/huelightusa.com\/es\/producto\/dispositivo-de-inhalacion-de-hidrogeno-molecular-h-1200\/","og_site_name":"Hue Light USA","article_modified_time":"2024-10-29T06:30:45+00:00","og_image":[{"width":768,"height":908,"url":"https:\/\/huelightusa.com\/wp-content\/uploads\/2024\/05\/MolecularHydrogenInhalationDevice-768x908-1.webp","type":"image\/webp"}],"twitter_card":"summary_large_image","twitter_misc":{"Est. reading time":"1 minuto"},"schema":{"@context":"https:\/\/schema.org","@graph":[{"@type":"WebPage","@id":"https:\/\/huelightusa.com\/es\/producto\/dispositivo-de-inhalacion-de-hidrogeno-molecular-h-1200\/","url":"https:\/\/huelightusa.com\/es\/producto\/dispositivo-de-inhalacion-de-hidrogeno-molecular-h-1200\/","name":"Dispositivo de inhalaci\u00f3n de hidr\u00f3geno molecular - Inhalador H2 | Luz Hue EE. UU.","isPartOf":{"@id":"https:\/\/huelightusa.com\/es\/#website"},"primaryImageOfPage":{"@id":"https:\/\/huelightusa.com\/es\/producto\/dispositivo-de-inhalacion-de-hidrogeno-molecular-h-1200\/#primaryimage"},"image":{"@id":"https:\/\/huelightusa.com\/es\/producto\/dispositivo-de-inhalacion-de-hidrogeno-molecular-h-1200\/#primaryimage"},"thumbnailUrl":"https:\/\/huelightusa.com\/wp-content\/uploads\/2024\/05\/MolecularHydrogenInhalationDevice-768x908-1.webp","datePublished":"2024-06-07T17:21:28+00:00","dateModified":"2024-10-29T06:30:45+00:00","description":"Compre nuestra m\u00e1quina de inhalaci\u00f3n de hidr\u00f3geno molecular, la H-1200. Ideal para uso dom\u00e9stico o comercial; Entrega 887 cc de gas hidr\u00f3geno por minuto. Obtenga una cotizaci\u00f3n hoy.","breadcrumb":{"@id":"https:\/\/huelightusa.com\/es\/producto\/dispositivo-de-inhalacion-de-hidrogeno-molecular-h-1200\/#breadcrumb"},"inLanguage":"es","potentialAction":[{"@type":"ReadAction","target":["https:\/\/huelightusa.com\/es\/producto\/dispositivo-de-inhalacion-de-hidrogeno-molecular-h-1200\/"]}]},{"@type":"ImageObject","inLanguage":"es","@id":"https:\/\/huelightusa.com\/es\/producto\/dispositivo-de-inhalacion-de-hidrogeno-molecular-h-1200\/#primaryimage","url":"https:\/\/huelightusa.com\/wp-content\/uploads\/2024\/05\/MolecularHydrogenInhalationDevice-768x908-1.webp","contentUrl":"https:\/\/huelightusa.com\/wp-content\/uploads\/2024\/05\/MolecularHydrogenInhalationDevice-768x908-1.webp","width":768,"height":908},{"@type":"BreadcrumbList","@id":"https:\/\/huelightusa.com\/es\/producto\/dispositivo-de-inhalacion-de-hidrogeno-molecular-h-1200\/#breadcrumb","itemListElement":[{"@type":"ListItem","position":1,"name":"Home","item":"https:\/\/huelightusa.com\/es\/"},{"@type":"ListItem","position":2,"name":"Productos","item":"https:\/\/huelightusa.com\/products\/"},{"@type":"ListItem","position":3,"name":"Dispositivo de inhalaci\u00f3n de hidr\u00f3geno molecular (H-1200)"}]},{"@type":"WebSite","@id":"https:\/\/huelightusa.com\/es\/#website","url":"https:\/\/huelightusa.com\/es\/","name":"Hue Light USA","description":"","publisher":{"@id":"https:\/\/huelightusa.com\/es\/#organization"},"potentialAction":[{"@type":"SearchAction","target":{"@type":"EntryPoint","urlTemplate":"https:\/\/huelightusa.com\/es\/?s={search_term_string}"},"query-input":{"@type":"PropertyValueSpecification","valueRequired":true,"valueName":"search_term_string"}}],"inLanguage":"es"},{"@type":"Organization","@id":"https:\/\/huelightusa.com\/es\/#organization","name":"Hue Light USA","url":"https:\/\/huelightusa.com\/es\/","logo":{"@type":"ImageObject","inLanguage":"es","@id":"https:\/\/huelightusa.com\/es\/#\/schema\/logo\/image\/","url":"https:\/\/huelightusa.com\/wp-content\/uploads\/2024\/04\/HueLightUSA_Logo.png","contentUrl":"https:\/\/huelightusa.com\/wp-content\/uploads\/2024\/04\/HueLightUSA_Logo.png","width":862,"height":169,"caption":"Hue Light USA"},"image":{"@id":"https:\/\/huelightusa.com\/es\/#\/schema\/logo\/image\/"}}]}},"_links":{"self":[{"href":"https:\/\/huelightusa.com\/es\/wp-json\/wp\/v2\/product\/19540","targetHints":{"allow":["GET"]}}],"collection":[{"href":"https:\/\/huelightusa.com\/es\/wp-json\/wp\/v2\/product"}],"about":[{"href":"https:\/\/huelightusa.com\/es\/wp-json\/wp\/v2\/types\/product"}],"replies":[{"embeddable":true,"href":"https:\/\/huelightusa.com\/es\/wp-json\/wp\/v2\/comments?post=19540"}],"wp:featuredmedia":[{"embeddable":true,"href":"https:\/\/huelightusa.com\/es\/wp-json\/wp\/v2\/media\/18150"}],"wp:attachment":[{"href":"https:\/\/huelightusa.com\/es\/wp-json\/wp\/v2\/media?parent=19540"}],"wp:term":[{"taxonomy":"product_brand","embeddable":true,"href":"https:\/\/huelightusa.com\/es\/wp-json\/wp\/v2\/product_brand?post=19540"},{"taxonomy":"product_cat","embeddable":true,"href":"https:\/\/huelightusa.com\/es\/wp-json\/wp\/v2\/product_cat?post=19540"},{"taxonomy":"product_tag","embeddable":true,"href":"https:\/\/huelightusa.com\/es\/wp-json\/wp\/v2\/product_tag?post=19540"}],"curies":[{"name":"wp","href":"https:\/\/api.w.org\/{rel}","templated":true}]}}